{"id":136,"date":"2016-07-26T13:36:42","date_gmt":"2016-07-26T10:36:42","guid":{"rendered":"https:\/\/old.ecoplast.md\/?page_id=136"},"modified":"2016-08-03T15:49:54","modified_gmt":"2016-08-03T12:49:54","slug":"pervaz","status":"publish","type":"page","link":"https:\/\/old.ecoplast.md\/ro\/pervaz\/","title":{"rendered":"Pervazuri"},"content":{"rendered":"<p>Instalind un nou geam in locuinta, deja aveti nevoie si de un pervaz interior din PVC, lemn si daca este necesar si un pervaz exterior din aluminiu. Firma Ecoplast are o gama larga de pervazuri la cele mai mici preturi. Datorita materialului de calitate nu necesita ingrijire cu detergeni speciali si se combina perfect cu fereasta. Toate pervazurile au o pelicula de protectie, ce nu permite deteriorari mecanice in timpul transportarii si montarii.\r\nProducem pervazuri inetrioare de culoarea: alb, nuc, stejar auriu, marmura.\r\nProducem pervazuri exterioare de culoarea: alb, argintiu si maro.<\/p>\r\n<div style=\"float:left;width:528px\">\r\n<h2>Pervazuri Crystallit<\/h2>\r\nUn element important \u0219i obi\u0219nuit al ferestrei, pervazul, este \u00een prezent nu doar un detaliu care finiseaz\u0103 montarea sistemului de ferestre \u0219i care influen\u021beaz\u0103 asupra izola\u021biei termice \u0219i acustice din cas\u0103, dar \u0219i unul care determin\u0103 confortul \u0219i finisarea interiorului. Pervazurile moderne, ca \u0219i \u00eenainte, reprezint\u0103 un loc obi\u0219nuit de p\u0103strare a obiectelor casnice: flori, bijuterii, tehnic\u0103 de uz casnic. Marca Crystallit face din acest lucru \u00eentr-adev\u0103r ceva frumos, oferind o combina\u021bie excelent\u0103 de culori, aspecte \u0219i nuan\u021be cu rezisten\u021ba \u0219i durabilitatea materialului. <strong>Pervazurile Crystallit<\/strong> este un lider pe pia\u021ba pervazurilor din plastic de clas\u0103 premium. Marca prezentat\u0103 este cunoscut\u0103 datorit\u0103 unei palete vaste de decoruri, 29 de tipuri, \u0219i unei serii de propriet\u0103\u021bi care pun Crystallit pe un nivel mai sus dec\u00e2t pervazurile simple din plastic. Baza mult mai durabil\u0103 Crystallit, consolidat\u0103 cu nervur\u0103 de rigidizare suplimentar\u0103, este acoperit\u0103 cu o pelicul\u0103 special\u0103 din acril, care protejeaz\u0103 sigur pervazul \u00eempotriva leziunilor mecanice, materialelor fierbin\u021bi, t\u0103ioase \u0219i \u00eempotriva spirturilor. Aleg\u00e2nd Crystallit dvs. alege\u021bi frumuse\u021bea \u0219i ecologitatea casei dvs.!\r\n<img src=\"\/wp-content\/uploads\/2016\/07\/Cystallit.jpg\" alt=\"Cystallit\" width=\"100%\" \/>\r\n<img src=\"\/wp-content\/uploads\/2016\/07\/Crystallit_1.jpg\" alt=\"Crystallit\" width=\"100%\" \/>\r\n<\/div>\r\n<div style=\"float:left;width:528px;margin-left:40px\">\r\n<h2>Pervazuri BrusBox<\/h2>\r\nIn anul 2004 <strong>compania &#8220;Brusbox&#8221;<\/strong>, a \u00eenceput eliberarea glafuri din PVC sub marca BRUSBOX. Ast\u0103zi, compania Brusbox este unul dintre cei mai mari furnizori de glafuri din PVC pe pia\u021ba rus\u0103. Volumele de produc\u021bie de fier vechi de peste un milion de metri p\u0103tra\u021bi pe an.\r\n\r\nDezvoltarea \u0219i modernizarea produc\u021biei sale, <strong>compania &#8220;Brusbox&#8221;<\/strong> a crescut gama produselor sale \u0219i 3 tipuri de dimensiuni extrudeaz\u0103 prag de: 500 mm, 700 mm \u0219i 800 mm, cu dou\u0103 Kapinos. Nomenclatura de ferestre din PVC glafuri BRUSBOX incepe cu 100 mm, \u00een trepte de 50 mm: 100, 150 &#8230; 800.\r\n\r\n<strong>OOO &#8220;Brusbox&#8221;<\/strong> pentru laminare utilizeaz\u0103 ferestre din PVC praguri folie de PVC fabricarea companie de film lider mondial \u00abRenolit\u00bb care este rezistent la umezeal\u0103, mecanice \u0219i termice impacturi. Suprafa\u021ba ferestrei multistrat pervazul acoperite cu un strat de protec\u021bie special pentru a preveni deteriorarea mecanic\u0103 \u00een timpul transportului \u0219i instal\u0103rii. Pentru distribu\u021bia uniform\u0103 a glafuri BRUSBOX spum\u0103 au caneluri speciale.\r\n<img src=\"\/wp-content\/uploads\/2016\/07\/brusbox_1.jpg\" alt=\"brusbox\" width=\"100%\" \/>\r\n<img src=\"\/wp-content\/uploads\/2016\/07\/brusbox.jpg\" alt=\"brusbox\" width=\"100%\" \/>\r\n<\/div>","protected":false},"excerpt":{"rendered":"Instalind un nou geam in locuinta, deja aveti nevoie si de un pervaz interior din PVC, lemn si daca este necesar si un pervaz exterior din aluminiu. Firma Ecoplast are o gama larga de pervazuri la cele mai mici preturi. Datorita materialului de calitate nu necesita ingrijire cu detergeni speciali si se combina perfect cu [&hellip;]","protected":false},"author":1,"featured_media":0,"parent":0,"menu_order":0,"comment_status":"closed","ping_status":"closed","template":"","meta":[],"translation":{"provider":"WPGlobus","version":"2.8.11","language":"ro","enabled_languages":["ru","ro","en"],"languages":{"ru":{"title":true,"content":true,"excerpt":false},"ro":{"title":true,"content":true,"excerpt":false},"en":{"title":false,"content":false,"excerpt":false}}},"yoast_head":"<!-- This site is optimized with the Yoast SEO plugin v18.6 - https:\/\/yoast.com\/wordpress\/plugins\/seo\/ -->\n<title>Pervazuri | EcoPlast<\/title>\n<meta name=\"robots\" content=\"index, follow, max-snippet:-1, max-image-preview:large, max-video-preview:-1\" \/>\n<link rel=\"canonical\" href=\"https:\/\/old.ecoplast.md\/pervaz\/\" \/>\n<meta property=\"og:locale\" content=\"ro_RO\" \/>\n<meta property=\"og:type\" content=\"article\" \/>\n<meta property=\"og:title\" content=\"Pervazuri | EcoPlast\" \/>\n<meta property=\"og:url\" content=\"https:\/\/old.ecoplast.md\/pervaz\/\" \/>\n<meta property=\"og:site_name\" content=\"EcoPlast\" \/>\n<meta property=\"article:modified_time\" content=\"2016-08-03T12:49:54+00:00\" \/>\n<meta name=\"twitter:card\" content=\"summary\" \/>\n<meta name=\"twitter:label1\" content=\"Est. reading time\" \/>\n\t<meta name=\"twitter:data1\" content=\"2 minutes\" \/>\n<script type=\"application\/ld+json\" class=\"yoast-schema-graph\">{\"@context\":\"https:\/\/schema.org\",\"@graph\":[{\"@type\":\"WebSite\",\"@id\":\"https:\/\/old.ecoplast.md\/#website\",\"url\":\"https:\/\/old.ecoplast.md\/\",\"name\":\"EcoPlast\",\"description\":\"Ferestre din PVC de calitate inalta si usi la cele mai mici preturi\",\"potentialAction\":[{\"@type\":\"SearchAction\",\"target\":{\"@type\":\"EntryPoint\",\"urlTemplate\":\"https:\/\/old.ecoplast.md\/?s={search_term_string}\"},\"query-input\":\"required name=search_term_string\"}],\"inLanguage\":\"ro-RO\"},{\"@type\":\"WebPage\",\"@id\":\"https:\/\/old.ecoplast.md\/pervaz\/#webpage\",\"url\":\"https:\/\/old.ecoplast.md\/pervaz\/\",\"name\":\"Pervazuri | EcoPlast\",\"isPartOf\":{\"@id\":\"https:\/\/old.ecoplast.md\/#website\"},\"datePublished\":\"2016-07-26T10:36:42+00:00\",\"dateModified\":\"2016-08-03T12:49:54+00:00\",\"breadcrumb\":{\"@id\":\"https:\/\/old.ecoplast.md\/pervaz\/#breadcrumb\"},\"inLanguage\":\"ro-RO\",\"potentialAction\":[{\"@type\":\"ReadAction\",\"target\":[\"https:\/\/old.ecoplast.md\/pervaz\/\"]}]},{\"@type\":\"BreadcrumbList\",\"@id\":\"https:\/\/old.ecoplast.md\/pervaz\/#breadcrumb\",\"itemListElement\":[{\"@type\":\"ListItem\",\"position\":1,\"name\":\"\u041f\u043e\u0434\u043e\u043a\u043e\u043d\u043d\u0438\u043a\u0438\"}]}]}<\/script>\n<!-- \/ Yoast SEO plugin. -->","yoast_head_json":{"title":"Pervazuri | EcoPlast","robots":{"index":"index","follow":"follow","max-snippet":"max-snippet:-1","max-image-preview":"max-image-preview:large","max-video-preview":"max-video-preview:-1"},"canonical":"https:\/\/old.ecoplast.md\/pervaz\/","og_locale":"ro_RO","og_type":"article","og_title":"Pervazuri | EcoPlast","og_url":"https:\/\/old.ecoplast.md\/pervaz\/","og_site_name":"EcoPlast","article_modified_time":"2016-08-03T12:49:54+00:00","twitter_card":"summary","twitter_misc":{"Est. reading time":"2 minutes"},"schema":{"@context":"https:\/\/schema.org","@graph":[{"@type":"WebSite","@id":"https:\/\/old.ecoplast.md\/#website","url":"https:\/\/old.ecoplast.md\/","name":"EcoPlast","description":"Ferestre din PVC de calitate inalta si usi la cele mai mici preturi","potentialAction":[{"@type":"SearchAction","target":{"@type":"EntryPoint","urlTemplate":"https:\/\/old.ecoplast.md\/?s={search_term_string}"},"query-input":"required name=search_term_string"}],"inLanguage":"ro-RO"},{"@type":"WebPage","@id":"https:\/\/old.ecoplast.md\/pervaz\/#webpage","url":"https:\/\/old.ecoplast.md\/pervaz\/","name":"Pervazuri | EcoPlast","isPartOf":{"@id":"https:\/\/old.ecoplast.md\/#website"},"datePublished":"2016-07-26T10:36:42+00:00","dateModified":"2016-08-03T12:49:54+00:00","breadcrumb":{"@id":"https:\/\/old.ecoplast.md\/pervaz\/#breadcrumb"},"inLanguage":"ro-RO","potentialAction":[{"@type":"ReadAction","target":["https:\/\/old.ecoplast.md\/pervaz\/"]}]},{"@type":"BreadcrumbList","@id":"https:\/\/old.ecoplast.md\/pervaz\/#breadcrumb","itemListElement":[{"@type":"ListItem","position":1,"name":"\u041f\u043e\u0434\u043e\u043a\u043e\u043d\u043d\u0438\u043a\u0438"}]}]}},"_links":{"self":[{"href":"https:\/\/old.ecoplast.md\/ro\/wp-json\/wp\/v2\/pages\/136"}],"collection":[{"href":"https:\/\/old.ecoplast.md\/ro\/wp-json\/wp\/v2\/pages"}],"about":[{"href":"https:\/\/old.ecoplast.md\/ro\/wp-json\/wp\/v2\/types\/page"}],"author":[{"embeddable":true,"href":"https:\/\/old.ecoplast.md\/ro\/wp-json\/wp\/v2\/users\/1"}],"replies":[{"embeddable":true,"href":"https:\/\/old.ecoplast.md\/ro\/wp-json\/wp\/v2\/comments?post=136"}],"version-history":[{"count":11,"href":"https:\/\/old.ecoplast.md\/ro\/wp-json\/wp\/v2\/pages\/136\/revisions"}],"predecessor-version":[{"id":168,"href":"https:\/\/old.ecoplast.md\/ro\/wp-json\/wp\/v2\/pages\/136\/revisions\/168"}],"wp:attachment":[{"href":"https:\/\/old.ecoplast.md\/ro\/wp-json\/wp\/v2\/media?parent=136"}],"curies":[{"name":"wp","href":"https:\/\/api.w.org\/{rel}","templated":true}]}}