{"id":140,"date":"2016-07-26T13:46:56","date_gmt":"2016-07-26T10:46:56","guid":{"rendered":"https:\/\/old.ecoplast.md\/?page_id=140"},"modified":"2021-01-25T14:35:37","modified_gmt":"2021-01-25T11:35:37","slug":"steklopaket","status":"publish","type":"page","link":"https:\/\/old.ecoplast.md\/ro\/steklopaket\/","title":{"rendered":"Ferestre Termopan"},"content":{"rendered":"<p>Unul din elementele de baz\u0103 a construc\u0163iei PVC este geamul termopan, care prezint\u0103 prin sine o construc\u0163ie unic\u0103, format\u0103 din dou\u0103 foi de sticl\u0103 unite perimetral prin intermediul unei baghete metalice \u015fi a unor sigilan\u0163i de tip membran\u0103 cauciucat\u0103.<\/p>\r\n<p>Geamul termopan prezint\u0103 un element aparte, nu \u015fi \u00eentreaga fereastr\u0103, cum prin gre\u015feal\u0103 este considerat, \u015fi se fixeaz\u0103 \u00een construc\u0163ie (\u00een ram\u0103 sau \u00een frunz\u0103). Sticlele unite impermeabil permit \u00eembun\u0103t\u0103\u0163irea considerabil\u0103 a propriet\u0103\u0163ilor de izolare termic\u0103 \u015fi de sunete a construc\u0163iei PVC, ofer\u0103 construc\u0163iei caracteristici calitative noi.<\/p>\r\n<p>Din punct de vedere practic mai exist\u0103 un avantaj \u2013 Dvs. nu mai ave\u0163i grija de a sp\u0103la sticlele din partea interioar\u0103. Ele vor r\u0103m\u00eene mereu curate pe parcursul \u00eentregului termen de exploatare.<\/p>\r\n<h2>Constructiv geamul termopan const\u0103 din urm\u0103toarele elemente:<\/h2>\r\n<ul>\r\n<li>2 foi de sticl\u0103;<\/li>\r\n<li>bagheta metalic\u0103;<\/li>\r\n<li>usc\u0103torii;<\/li>\r\n<li>sigilan\u0163ii pentru geamul termopan.<\/li>\r\n<\/ul>\r\n<p>Distan\u0163a dintre sticle poate fi diferit\u0103, \u015fi anume: exist\u0103 geamuri termopan cu distan\u0163a standart\u0103 dintre stecle, de 24 mm \u015fi geamuri termopan cu distan\u0163a dintre stecle mai mare, de 32 mm. Un avantaj colosal al geamului termopan cu distan\u0163a dintre stecle de 32 mm, este izolarea termic\u0103 \u015fi de sunete sim\u0163itor mai bun\u0103, comparativ cu geamul termopan obi\u015fnuit, \u00eentruc\u00eet \u00een cazul acestuia aerul rece de afar\u0103 nu reu\u015fe\u015fte s\u0103 r\u0103ceasc\u0103 sticla interioar\u0103, astfel evit\u00eend formarea condens\u0103rii.<\/p>\r\n<p>Unul din principalele componente ale companiei produc\u0103toare a construc\u0163iilor din PVC, reprezint\u0103 linia de producere a geamurilor termopan. Faptul c\u00eet de rapid \u015fi calitativ func\u0163ioneaz\u0103 linia dat\u0103, predefine\u015fte \u00een multe rentabilitatea afacerii \u00een \u00eentregime.\r\nLa confec\u0163ionarea geamurilor termopan noi respect\u0103m toate cerin\u0163ele \u015fi normele necesare. Punem accentul \u00een primul r\u0103nd pe calitate, \u00eentruc\u00eet un geam termopan ieftin, ulterior poate deveni o nepl\u0103cere costisitoare.<\/p>\r\n<p>Geamurile noastre termopan se confec\u0163ioneaz\u0103 doar la utilaj specializat \u015fi modern, care corespunde celor mai stricte cerin\u0163e europene de calitate \u015fi siguran\u0163\u0103.<\/p>","protected":false},"excerpt":{"rendered":"Unul din elementele de baz\u0103 a construc\u0163iei PVC este geamul termopan, care prezint\u0103 prin sine o construc\u0163ie unic\u0103, format\u0103 din dou\u0103 foi de sticl\u0103 unite perimetral prin intermediul unei baghete metalice \u015fi a unor sigilan\u0163i de tip membran\u0103 cauciucat\u0103. Geamul termopan prezint\u0103 un element aparte, nu \u015fi \u00eentreaga fereastr\u0103, cum prin gre\u015feal\u0103 este considerat, \u015fi [&hellip;]","protected":false},"author":1,"featured_media":0,"parent":0,"menu_order":0,"comment_status":"closed","ping_status":"closed","template":"","meta":[],"translation":{"provider":"WPGlobus","version":"2.8.11","language":"ro","enabled_languages":["ru","ro","en"],"languages":{"ru":{"title":true,"content":true,"excerpt":false},"ro":{"title":true,"content":true,"excerpt":false},"en":{"title":true,"content":true,"excerpt":false}}},"yoast_head":"<!-- This site is optimized with the Yoast SEO plugin v18.6 - https:\/\/yoast.com\/wordpress\/plugins\/seo\/ -->\n<title>Ferestre Termopan | EcoPlast<\/title>\n<meta name=\"robots\" content=\"index, follow, max-snippet:-1, max-image-preview:large, max-video-preview:-1\" \/>\n<link rel=\"canonical\" href=\"https:\/\/old.ecoplast.md\/steklopaket\/\" \/>\n<meta property=\"og:locale\" content=\"ro_RO\" \/>\n<meta property=\"og:type\" content=\"article\" \/>\n<meta property=\"og:title\" content=\"Ferestre Termopan | EcoPlast\" \/>\n<meta property=\"og:url\" content=\"https:\/\/old.ecoplast.md\/steklopaket\/\" \/>\n<meta property=\"og:site_name\" content=\"EcoPlast\" \/>\n<meta property=\"article:modified_time\" content=\"2021-01-25T11:35:37+00:00\" \/>\n<meta name=\"twitter:card\" content=\"summary\" \/>\n<meta name=\"twitter:label1\" content=\"Est. reading time\" \/>\n\t<meta name=\"twitter:data1\" content=\"4 minutes\" \/>\n<script type=\"application\/ld+json\" class=\"yoast-schema-graph\">{\"@context\":\"https:\/\/schema.org\",\"@graph\":[{\"@type\":\"WebSite\",\"@id\":\"https:\/\/old.ecoplast.md\/#website\",\"url\":\"https:\/\/old.ecoplast.md\/\",\"name\":\"EcoPlast\",\"description\":\"Ferestre din PVC de calitate inalta si usi la cele mai mici preturi\",\"potentialAction\":[{\"@type\":\"SearchAction\",\"target\":{\"@type\":\"EntryPoint\",\"urlTemplate\":\"https:\/\/old.ecoplast.md\/?s={search_term_string}\"},\"query-input\":\"required name=search_term_string\"}],\"inLanguage\":\"ro-RO\"},{\"@type\":\"WebPage\",\"@id\":\"https:\/\/old.ecoplast.md\/steklopaket\/#webpage\",\"url\":\"https:\/\/old.ecoplast.md\/steklopaket\/\",\"name\":\"Ferestre Termopan | EcoPlast\",\"isPartOf\":{\"@id\":\"https:\/\/old.ecoplast.md\/#website\"},\"datePublished\":\"2016-07-26T10:46:56+00:00\",\"dateModified\":\"2021-01-25T11:35:37+00:00\",\"breadcrumb\":{\"@id\":\"https:\/\/old.ecoplast.md\/steklopaket\/#breadcrumb\"},\"inLanguage\":\"ro-RO\",\"potentialAction\":[{\"@type\":\"ReadAction\",\"target\":[\"https:\/\/old.ecoplast.md\/steklopaket\/\"]}]},{\"@type\":\"BreadcrumbList\",\"@id\":\"https:\/\/old.ecoplast.md\/steklopaket\/#breadcrumb\",\"itemListElement\":[{\"@type\":\"ListItem\",\"position\":1,\"name\":\"\u0421\u0442\u0435\u043a\u043b\u043e\u043f\u0430\u043a\u0435\u0442\"}]}]}<\/script>\n<!-- \/ Yoast SEO plugin. -->","yoast_head_json":{"title":"Ferestre Termopan | EcoPlast","robots":{"index":"index","follow":"follow","max-snippet":"max-snippet:-1","max-image-preview":"max-image-preview:large","max-video-preview":"max-video-preview:-1"},"canonical":"https:\/\/old.ecoplast.md\/steklopaket\/","og_locale":"ro_RO","og_type":"article","og_title":"Ferestre Termopan | EcoPlast","og_url":"https:\/\/old.ecoplast.md\/steklopaket\/","og_site_name":"EcoPlast","article_modified_time":"2021-01-25T11:35:37+00:00","twitter_card":"summary","twitter_misc":{"Est. reading time":"4 minutes"},"schema":{"@context":"https:\/\/schema.org","@graph":[{"@type":"WebSite","@id":"https:\/\/old.ecoplast.md\/#website","url":"https:\/\/old.ecoplast.md\/","name":"EcoPlast","description":"Ferestre din PVC de calitate inalta si usi la cele mai mici preturi","potentialAction":[{"@type":"SearchAction","target":{"@type":"EntryPoint","urlTemplate":"https:\/\/old.ecoplast.md\/?s={search_term_string}"},"query-input":"required name=search_term_string"}],"inLanguage":"ro-RO"},{"@type":"WebPage","@id":"https:\/\/old.ecoplast.md\/steklopaket\/#webpage","url":"https:\/\/old.ecoplast.md\/steklopaket\/","name":"Ferestre Termopan | EcoPlast","isPartOf":{"@id":"https:\/\/old.ecoplast.md\/#website"},"datePublished":"2016-07-26T10:46:56+00:00","dateModified":"2021-01-25T11:35:37+00:00","breadcrumb":{"@id":"https:\/\/old.ecoplast.md\/steklopaket\/#breadcrumb"},"inLanguage":"ro-RO","potentialAction":[{"@type":"ReadAction","target":["https:\/\/old.ecoplast.md\/steklopaket\/"]}]},{"@type":"BreadcrumbList","@id":"https:\/\/old.ecoplast.md\/steklopaket\/#breadcrumb","itemListElement":[{"@type":"ListItem","position":1,"name":"\u0421\u0442\u0435\u043a\u043b\u043e\u043f\u0430\u043a\u0435\u0442"}]}]}},"_links":{"self":[{"href":"https:\/\/old.ecoplast.md\/ro\/wp-json\/wp\/v2\/pages\/140"}],"collection":[{"href":"https:\/\/old.ecoplast.md\/ro\/wp-json\/wp\/v2\/pages"}],"about":[{"href":"https:\/\/old.ecoplast.md\/ro\/wp-json\/wp\/v2\/types\/page"}],"author":[{"embeddable":true,"href":"https:\/\/old.ecoplast.md\/ro\/wp-json\/wp\/v2\/users\/1"}],"replies":[{"embeddable":true,"href":"https:\/\/old.ecoplast.md\/ro\/wp-json\/wp\/v2\/comments?post=140"}],"version-history":[{"count":2,"href":"https:\/\/old.ecoplast.md\/ro\/wp-json\/wp\/v2\/pages\/140\/revisions"}],"predecessor-version":[{"id":512,"href":"https:\/\/old.ecoplast.md\/ro\/wp-json\/wp\/v2\/pages\/140\/revisions\/512"}],"wp:attachment":[{"href":"https:\/\/old.ecoplast.md\/ro\/wp-json\/wp\/v2\/media?parent=140"}],"curies":[{"name":"wp","href":"https:\/\/api.w.org\/{rel}","templated":true}]}}