{"id":150,"date":"2016-07-26T14:19:21","date_gmt":"2016-07-26T11:19:21","guid":{"rendered":"https:\/\/old.ecoplast.md\/?page_id=150"},"modified":"2021-01-25T14:40:44","modified_gmt":"2021-01-25T11:40:44","slug":"montare","status":"publish","type":"page","link":"https:\/\/old.ecoplast.md\/ro\/montare\/","title":{"rendered":"Montare"},"content":{"rendered":"Etapa final\u0103 este montarea construc\u0163iilor.\r\nMontarea construc\u0163iilor PVC, reprezint\u0103 un proces complicat, care const\u0103 din c\u00eeteva etape. Speciali\u015ftii no\u015ftri respect\u0103 cu stricte\u0163e etapele \u015fi tehnologia procesului de montare a construc\u0163iilor PVC.\r\n\u00cent\u00eei de toate se efectueaz\u0103 demontarea ramelor vechi. Av\u00eend grij\u0103 de Dvs. noi nu dorim s\u0103 l\u0103s\u0103m \u00eenc\u0103perea f\u0103r\u0103 ferestre pe un timp \u00eendelungat, deaceea demontarea se realizeaz\u0103 maximal rapid. Aceasta are o importan\u0163\u0103 considerabil\u0103 c\u00eend merge vorba de montarea construc\u0163iilor \u00een timpul de iarn\u0103.\r\nRamele construc\u0163iilor PVC se fixeaz\u0103 sigur, dup\u0103 care pe perimetru se prelucreaz\u0103 cu ajutorul spumei de montare. La efectuarea lucr\u0103rilor noi folosim doar materialele de calitate \u00eenalt\u0103. Speciali\u015ftii no\u015ftri efectueaz\u0103 lucr\u0103rile cu aten\u0163ie.\r\nPentru montarea calitativ\u0103 a construc\u0163iilor PVC, \u00een compania noastr\u0103 activeaz\u0103 doar speciali\u015ftii de \u00eenalt\u0103 calificare.\r\nMontarea se efectueaz\u0103 conform cerin\u0163elor prev\u0103zute \u00een \u0413\u041e\u0421\u0422 30971.\r\n\u00cen fig.1 este prezentat\u0103 varianta de fixare direct \u00een carcasa construc\u0163iei\r\n\u00cen fig.2 este prezentat\u0103 varianta de Tehnologia de montare \u00een timpul de iarn\u0103 nu se deosebe\u015fte cu nimic de acea din oricare alt\u0103 perioad\u0103.fixare cu ajutorul pl\u0103cii-anker.<br \/>\r\n(1)<img loading=\"lazy\" src=\"\/wp-content\/uploads\/2016\/07\/2.jpg\" alt=\"2\" width=\"300\" height=\"216\" \/>(2)<img src=\"\/wp-content\/uploads\/2016\/07\/3.jpg\" alt=\"3\" height=\"216\" \/><br \/>\r\n\u00cen \u00eencheiere, dorim s\u0103 clarific\u0103m c\u00eeteva momente, referitor la faptul ce distan\u0163\u0103 se las\u0103 \u00eentre perete \u015fi construc\u0163ie, care urmeaz\u0103 s\u0103 fie prelucrat\u0103 cu spuma pentru montare. Este gre\u015fit de considerat c\u0103 prezen\u0163a a anumitor spa\u0163ii este o problem\u0103. Dup\u0103 toate tehnologiile de montare, se admite prezen\u0163a distan\u0163ei, care po fi mai mic\u0103 sau mai mare \u00een diferite p\u0103r\u0163i. Important e ca fereastra Dvs. s\u0103 fie sigur fixat\u0103.\r\n<img loading=\"lazy\" src=\"\/wp-content\/uploads\/2016\/07\/4.jpg\" alt=\"4\" width=\"300\" height=\"243\" \/><\/p>","protected":false},"excerpt":{"rendered":"Etapa final\u0103 este montarea construc\u0163iilor. Montarea construc\u0163iilor PVC, reprezint\u0103 un proces complicat, care const\u0103 din c\u00eeteva etape. Speciali\u015ftii no\u015ftri respect\u0103 cu stricte\u0163e etapele \u015fi tehnologia procesului de montare a construc\u0163iilor PVC. \u00cent\u00eei de toate se efectueaz\u0103 demontarea ramelor vechi. Av\u00eend grij\u0103 de Dvs. noi nu dorim s\u0103 l\u0103s\u0103m \u00eenc\u0103perea f\u0103r\u0103 ferestre pe un timp \u00eendelungat, [&hellip;]","protected":false},"author":1,"featured_media":0,"parent":0,"menu_order":0,"comment_status":"closed","ping_status":"closed","template":"","meta":[],"translation":{"provider":"WPGlobus","version":"2.8.11","language":"ro","enabled_languages":["ru","ro","en"],"languages":{"ru":{"title":true,"content":true,"excerpt":false},"ro":{"title":true,"content":true,"excerpt":false},"en":{"title":true,"content":true,"excerpt":false}}},"yoast_head":"<!-- This site is optimized with the Yoast SEO plugin v18.6 - https:\/\/yoast.com\/wordpress\/plugins\/seo\/ -->\n<title>Montare | EcoPlast<\/title>\n<meta name=\"robots\" content=\"index, follow, max-snippet:-1, max-image-preview:large, max-video-preview:-1\" \/>\n<link rel=\"canonical\" href=\"https:\/\/old.ecoplast.md\/montare\/\" \/>\n<meta property=\"og:locale\" content=\"ro_RO\" \/>\n<meta property=\"og:type\" content=\"article\" \/>\n<meta property=\"og:title\" content=\"Montare | EcoPlast\" \/>\n<meta property=\"og:url\" content=\"https:\/\/old.ecoplast.md\/montare\/\" \/>\n<meta property=\"og:site_name\" content=\"EcoPlast\" \/>\n<meta property=\"article:modified_time\" content=\"2021-01-25T11:40:44+00:00\" \/>\n<meta name=\"twitter:card\" content=\"summary\" \/>\n<meta name=\"twitter:label1\" content=\"Est. reading time\" \/>\n\t<meta name=\"twitter:data1\" content=\"3 minutes\" \/>\n<script type=\"application\/ld+json\" class=\"yoast-schema-graph\">{\"@context\":\"https:\/\/schema.org\",\"@graph\":[{\"@type\":\"WebSite\",\"@id\":\"https:\/\/old.ecoplast.md\/#website\",\"url\":\"https:\/\/old.ecoplast.md\/\",\"name\":\"EcoPlast\",\"description\":\"Ferestre din PVC de calitate inalta si usi la cele mai mici preturi\",\"potentialAction\":[{\"@type\":\"SearchAction\",\"target\":{\"@type\":\"EntryPoint\",\"urlTemplate\":\"https:\/\/old.ecoplast.md\/?s={search_term_string}\"},\"query-input\":\"required name=search_term_string\"}],\"inLanguage\":\"ro-RO\"},{\"@type\":\"WebPage\",\"@id\":\"https:\/\/old.ecoplast.md\/montare\/#webpage\",\"url\":\"https:\/\/old.ecoplast.md\/montare\/\",\"name\":\"Montare | EcoPlast\",\"isPartOf\":{\"@id\":\"https:\/\/old.ecoplast.md\/#website\"},\"datePublished\":\"2016-07-26T11:19:21+00:00\",\"dateModified\":\"2021-01-25T11:40:44+00:00\",\"breadcrumb\":{\"@id\":\"https:\/\/old.ecoplast.md\/montare\/#breadcrumb\"},\"inLanguage\":\"ro-RO\",\"potentialAction\":[{\"@type\":\"ReadAction\",\"target\":[\"https:\/\/old.ecoplast.md\/montare\/\"]}]},{\"@type\":\"BreadcrumbList\",\"@id\":\"https:\/\/old.ecoplast.md\/montare\/#breadcrumb\",\"itemListElement\":[{\"@type\":\"ListItem\",\"position\":1,\"name\":\"\u041c\u043e\u043d\u0442\u0430\u0436\"}]}]}<\/script>\n<!-- \/ Yoast SEO plugin. -->","yoast_head_json":{"title":"Montare | EcoPlast","robots":{"index":"index","follow":"follow","max-snippet":"max-snippet:-1","max-image-preview":"max-image-preview:large","max-video-preview":"max-video-preview:-1"},"canonical":"https:\/\/old.ecoplast.md\/montare\/","og_locale":"ro_RO","og_type":"article","og_title":"Montare | EcoPlast","og_url":"https:\/\/old.ecoplast.md\/montare\/","og_site_name":"EcoPlast","article_modified_time":"2021-01-25T11:40:44+00:00","twitter_card":"summary","twitter_misc":{"Est. reading time":"3 minutes"},"schema":{"@context":"https:\/\/schema.org","@graph":[{"@type":"WebSite","@id":"https:\/\/old.ecoplast.md\/#website","url":"https:\/\/old.ecoplast.md\/","name":"EcoPlast","description":"Ferestre din PVC de calitate inalta si usi la cele mai mici preturi","potentialAction":[{"@type":"SearchAction","target":{"@type":"EntryPoint","urlTemplate":"https:\/\/old.ecoplast.md\/?s={search_term_string}"},"query-input":"required name=search_term_string"}],"inLanguage":"ro-RO"},{"@type":"WebPage","@id":"https:\/\/old.ecoplast.md\/montare\/#webpage","url":"https:\/\/old.ecoplast.md\/montare\/","name":"Montare | EcoPlast","isPartOf":{"@id":"https:\/\/old.ecoplast.md\/#website"},"datePublished":"2016-07-26T11:19:21+00:00","dateModified":"2021-01-25T11:40:44+00:00","breadcrumb":{"@id":"https:\/\/old.ecoplast.md\/montare\/#breadcrumb"},"inLanguage":"ro-RO","potentialAction":[{"@type":"ReadAction","target":["https:\/\/old.ecoplast.md\/montare\/"]}]},{"@type":"BreadcrumbList","@id":"https:\/\/old.ecoplast.md\/montare\/#breadcrumb","itemListElement":[{"@type":"ListItem","position":1,"name":"\u041c\u043e\u043d\u0442\u0430\u0436"}]}]}},"_links":{"self":[{"href":"https:\/\/old.ecoplast.md\/ro\/wp-json\/wp\/v2\/pages\/150"}],"collection":[{"href":"https:\/\/old.ecoplast.md\/ro\/wp-json\/wp\/v2\/pages"}],"about":[{"href":"https:\/\/old.ecoplast.md\/ro\/wp-json\/wp\/v2\/types\/page"}],"author":[{"embeddable":true,"href":"https:\/\/old.ecoplast.md\/ro\/wp-json\/wp\/v2\/users\/1"}],"replies":[{"embeddable":true,"href":"https:\/\/old.ecoplast.md\/ro\/wp-json\/wp\/v2\/comments?post=150"}],"version-history":[{"count":5,"href":"https:\/\/old.ecoplast.md\/ro\/wp-json\/wp\/v2\/pages\/150\/revisions"}],"predecessor-version":[{"id":514,"href":"https:\/\/old.ecoplast.md\/ro\/wp-json\/wp\/v2\/pages\/150\/revisions\/514"}],"wp:attachment":[{"href":"https:\/\/old.ecoplast.md\/ro\/wp-json\/wp\/v2\/media?parent=150"}],"curies":[{"name":"wp","href":"https:\/\/api.w.org\/{rel}","templated":true}]}}