{"id":189,"date":"2016-08-03T00:27:57","date_gmt":"2016-08-02T21:27:57","guid":{"rendered":"https:\/\/old.ecoplast.md\/?page_id=189"},"modified":"2021-01-26T01:49:35","modified_gmt":"2021-01-25T22:49:35","slug":"jaluzele-verticale-textile","status":"publish","type":"page","link":"https:\/\/old.ecoplast.md\/ro\/jaluzele-verticale-textile\/","title":{"rendered":"Jaluzele verticale textile"},"content":{"rendered":"<style>    #bwg_container1_0 #bwg_container2_0 .bwg_standart_thumbnails_0 * {        -moz-box-sizing: border-box;        box-sizing: border-box;      }      #bwg_container1_0 #bwg_container2_0 .bwg_standart_thumb_spun1_0 {        -moz-box-sizing: content-box;        box-sizing: content-box;        background-color: #FFFFFF;        display: inline-block;        height: 266px;        margin: 4px;        padding: 0px;        opacity: 1.00;        filter: Alpha(opacity=100);        text-align: center;        vertical-align: middle;        transition: all 0.3s ease 0s;-webkit-transition: all 0.3s ease 0s;        width: 266px;        z-index: 100;      }      #bwg_container1_0 #bwg_container2_0 .bwg_standart_thumb_spun1_0:hover {        -ms-transform: scale(1.1);        -webkit-transform: scale(1.1);        backface-visibility: hidden;        -webkit-backface-visibility: hidden;        -moz-backface-visibility: hidden;        -ms-backface-visibility: hidden;        opacity: 1;        filter: Alpha(opacity=100);        transform: scale(1.1);        z-index: 102;        position: relative;      }      #bwg_container1_0 #bwg_container2_0 .bwg_standart_thumb_spun2_0 {        border: 0px none #CCCCCC;        border-radius: 0;        box-shadow: 0px 0px 0px #888888;        display: inline-block;        height: 266px;        overflow: hidden;        width: 266px;      }      #bwg_container1_0 #bwg_container2_0 .bwg_standart_thumbnails_0 {        background-color: rgba(255, 255, 255, 0.00);        display: inline-block;        font-size: 0;        max-width: 1112px;        text-align: center;      }      #bwg_container1_0 #bwg_container2_0 .bwg_standart_thumb_0 {        display: inline-block;        text-align: center;      }            #bwg_container1_0 #bwg_container2_0 .bwg_standart_thumb_spun1_0:hover .bwg_title_spun1_0 {        left: 0px;        top: 0px;        opacity: 1;        filter: Alpha(opacity=100);      }      #bwg_container1_0 #bwg_container2_0 .bwg_title_spun2_0 {        color: #CCCCCC;        display: table-cell;        font-family: segoe ui;        font-size: 16px;        font-weight: bold;        height: inherit;        padding: 2px;        text-shadow: 0px 0px 0px #888888;        vertical-align: middle;        width: inherit;        word-wrap: break-word;      }      \/*pagination styles*\/      #bwg_container1_0 #bwg_container2_0 .tablenav-pages_0 {        text-align: center;        font-size: 12px;        font-family: segoe ui;        font-weight: bold;        color: #666666;        margin: 6px 0 4px;        display: block;        height: 30px;        line-height: 30px;      }      @media only screen and (max-width : 320px) {        #bwg_container1_0 #bwg_container2_0 .displaying-num_0 {          display: none;        }      }      #bwg_container1_0 #bwg_container2_0 .displaying-num_0 {        font-size: 12px;        font-family: segoe ui;        font-weight: bold;        color: #666666;        margin-right: 10px;        vertical-align: middle;      }      #bwg_container1_0 #bwg_container2_0 .paging-input_0 {        font-size: 12px;        font-family: segoe ui;        font-weight: bold;        color: #666666;        vertical-align: middle;      }      #bwg_container1_0 #bwg_container2_0 .tablenav-pages_0 a.disabled,      #bwg_container1_0 #bwg_container2_0 .tablenav-pages_0 a.disabled:hover,      #bwg_container1_0 #bwg_container2_0 .tablenav-pages_0 a.disabled:focus {        cursor: default;        color: rgba(102, 102, 102, 0.5);      }      #bwg_container1_0 #bwg_container2_0 .tablenav-pages_0 a {        cursor: pointer;        font-size: 12px;      font-family: segoe ui;        font-weight: bold;        color: #666666;        text-decoration: none;        padding: 3px 6px;        margin: 0;        border-radius: 0;        border-style: solid;        border-width: 1px;        border-color: #E3E3E3;        background-color: #FFFFFF;        opacity: 1.00;        filter: Alpha(opacity=100);        box-shadow: 0;        transition: all 0.3s ease 0s;-webkit-transition: all 0.3s ease 0s;      }      #bwg_container1_0 #bwg_container2_0 .bwg_back_0 {        background-color: rgba(0, 0, 0, 0);        color: #000000 !important;        cursor: pointer;        display: block;      font-family: segoe ui;        font-size: 16px;        font-weight: bold;        text-decoration: none;        padding: 0;      }      #bwg_container1_0 #bwg_container2_0 #spider_popup_overlay_0 {        background-color: #000000;        opacity: 0.70;        filter: Alpha(opacity=70);      }     .bwg_play_icon_spun_0 {        width: inherit;        height: inherit;        display: table;        position: absolute;      }\t      .bwg_play_icon_0 {        color: #CCCCCC;        font-size: 32px;        vertical-align: middle;        display: table-cell !important;        z-index: 1;        text-align: center;        margin: 0 auto;      }      #bwg_container1_0 #bwg_container2_0 .bwg_gal_title_0 {      background-color: rgba(0, 0, 0, 0);      color: #CCCCCC;      display: block;      font-family: segoe ui;      font-size: 16px;      font-weight: bold;      padding: 2px;      text-shadow: 0px 0px 0px #888888;      text-align: center;    }    <\/style>    <div id=\"bwg_container1_0\">      <div id=\"bwg_container2_0\">        <form id=\"gal_front_form_0\" method=\"post\" action=\"#\" data-current=\"0\">                    <div style=\"background-color:rgba(0, 0, 0, 0); text-align: center; width:100%; position: relative;\">            <div id=\"ajax_loading_0\" style=\"position:absolute;width: 100%; z-index: 115; text-align: center; height: 100%; vertical-align: middle; display:none;\">              <div style=\"display: table; vertical-align: middle; width: 100%; height: 100%; background-color: #FFFFFF; opacity: 0.7; filter: Alpha(opacity=70);\">                <div style=\"display: table-cell; text-align: center; position: relative; vertical-align: middle;\" >                  <div id=\"loading_div_0\" class=\"bwg_spider_ajax_loading\" style=\"display: inline-block; text-align:center; position:relative; vertical-align:middle; background-image:url(https:\/\/old.ecoplast.md\/wp-content\/plugins\/photo-gallery\/images\/ajax_loader.gif); float: none; width:30px;height:30px;background-size:30px 30px;\">                  <\/div>                <\/div>              <\/div>            <\/div>                        <div id=\"bwg_standart_thumbnails_0\" class=\"bwg_standart_thumbnails_0\">                              <a  class=\"bwg_lightbox_0\" href=\"https:\/\/old.ecoplast.md\/wp-content\/uploads\/photo-gallery\/Jaluzele\/jal_v_4.jpg\" data-image-id=\"139\">                  <span class=\"bwg_standart_thumb_0\">                                        <span class=\"bwg_standart_thumb_spun1_0\">                      <span class=\"bwg_standart_thumb_spun2_0\">                                                <img class=\"bwg_standart_thumb_img_0 bwg_img_clear bwg_img_custom\" style=\"width:401.00502512563px; height:266px; margin-left: -67.502512562814px; margin-top: 0px;\" id=\"139\" src=\"https:\/\/old.ecoplast.md\/wp-content\/uploads\/photo-gallery\/Jaluzele\/thumb\/jal_v_4.jpg\" alt=\"jal v 4\" \/>                      <\/span>                    <\/span>                                      <\/span>                <\/a>                                <a  class=\"bwg_lightbox_0\" href=\"https:\/\/old.ecoplast.md\/wp-content\/uploads\/photo-gallery\/Jaluzele\/jal_v_3.jpg\" data-image-id=\"138\">                  <span class=\"bwg_standart_thumb_0\">                                        <span class=\"bwg_standart_thumb_spun1_0\">                      <span class=\"bwg_standart_thumb_spun2_0\">                                                <img class=\"bwg_standart_thumb_img_0 bwg_img_clear bwg_img_custom\" style=\"width:521.56862745098px; height:266px; margin-left: -127.78431372549px; margin-top: 0px;\" id=\"138\" src=\"https:\/\/old.ecoplast.md\/wp-content\/uploads\/photo-gallery\/Jaluzele\/thumb\/jal_v_3.jpg\" alt=\"jal v 3\" \/>                      <\/span>                    <\/span>                                      <\/span>                <\/a>                                <a  class=\"bwg_lightbox_0\" href=\"https:\/\/old.ecoplast.md\/wp-content\/uploads\/photo-gallery\/Jaluzele\/jal_v_2.jpg\" data-image-id=\"137\">                  <span class=\"bwg_standart_thumb_0\">                                        <span class=\"bwg_standart_thumb_spun1_0\">                      <span class=\"bwg_standart_thumb_spun2_0\">                                                <img class=\"bwg_standart_thumb_img_0 bwg_img_clear bwg_img_custom\" style=\"width:480.72289156627px; height:266px; margin-left: -107.36144578313px; margin-top: 0px;\" id=\"137\" src=\"https:\/\/old.ecoplast.md\/wp-content\/uploads\/photo-gallery\/Jaluzele\/thumb\/jal_v_2.jpg\" alt=\"jal v 2\" \/>                      <\/span>                    <\/span>                                      <\/span>                <\/a>                                <a  class=\"bwg_lightbox_0\" href=\"https:\/\/old.ecoplast.md\/wp-content\/uploads\/photo-gallery\/Jaluzele\/jal_v_1.jpg\" data-image-id=\"136\">                  <span class=\"bwg_standart_thumb_0\">                                        <span class=\"bwg_standart_thumb_spun1_0\">                      <span class=\"bwg_standart_thumb_spun2_0\">                                                <img class=\"bwg_standart_thumb_img_0 bwg_img_clear bwg_img_custom\" style=\"width:354.66666666667px; height:266px; margin-left: -44.333333333333px; margin-top: 0px;\" id=\"136\" src=\"https:\/\/old.ecoplast.md\/wp-content\/uploads\/photo-gallery\/Jaluzele\/thumb\/jal_v_1.jpg\" alt=\"jal v 1\" \/>                      <\/span>                    <\/span>                                      <\/span>                <\/a>                            <\/div>                      <\/div>        <\/form>        <div id=\"bwg_spider_popup_loading_0\" class=\"bwg_spider_popup_loading\"><\/div>        <div id=\"spider_popup_overlay_0\" class=\"spider_popup_overlay\" onclick=\"spider_destroypopup(1000)\"><\/div>      <\/div>    <\/div>\t    <script>      function bwg_gallery_box_0(image_id) {        var filterTags = jQuery(\"#bwg_tags_id_bwg_standart_thumbnails_0\" ).val() ? jQuery(\"#bwg_tags_id_bwg_standart_thumbnails_0\" ).val() : 0;        var filtersearchname = jQuery(\"#bwg_search_input_0\" ).val() ? \"&filter_search_name_0=\" + jQuery(\"#bwg_search_input_0\" ).val() : '';        spider_createpopup('https:\/\/old.ecoplast.md\/wp-admin\/admin-ajax.php?action=GalleryBox&tags=0&current_view=0&gallery_id=11&theme_id=1&thumb_width=266&thumb_height=266&open_with_fullscreen=0&open_with_autoplay=1&image_width=800&image_height=500&image_effect=fade&wd_sor=order&wd_ord=asc&enable_image_filmstrip=1&image_filmstrip_height=70&enable_image_ctrl_btn=1&enable_image_fullscreen=0&popup_enable_info=0&popup_info_always_show=0&popup_info_full_width=0&popup_hit_counter=0&popup_enable_rate=0&slideshow_interval=3&enable_comment_social=1&enable_image_facebook=1&enable_image_twitter=1&enable_image_google=1&enable_image_pinterest=0&enable_image_tumblr=0&watermark_type=none&slideshow_effect_duration=1&image_id=' + image_id + \"&filter_tag_0=\" +  filterTags + filtersearchname, '0', '800', '500', 1, 'testpopup', 5, \"bottom\");      }      function bwg_document_ready_0() {        var bwg_touch_flag = false;        jQuery(\".bwg_lightbox_0\").on(\"click\", function () {          if (!bwg_touch_flag) {            bwg_touch_flag = true;            setTimeout(function(){ bwg_touch_flag = false; }, 100);            bwg_gallery_box_0(jQuery(this).attr(\"data-image-id\"));            return false;          }        });               }      jQuery(document).ready(function () {        bwg_document_ready_0();      });    <\/script>    \r\n\r\nJaluzele verticale sunt una din cele mai bune solu\u021bii pentru un d\u00e9cor reu\u0219it a casei Dvs. Ele se \u00eencadreaz\u0103 perfect \u00een orice design modern. Pute\u021bi alege jaluzele dup\u0103 culoarea \u0219i textura tapetelor  sau a mobile \u2013 o gam\u0103 vast\u0103 de culori ofer\u0103 posibilit\u0103\u021bi nelimitate pentru realizarea oric\u0103rei idei a Dvs.\r\n\r\nJaluzele textile verticale au \u00eencetat s\u0103 mai fie un element al decorului oficiilor \u0219i birourilor. \u00cen prezent ele sunt tot mai des folosite pentru decorarea caselor \u0219i apartamentelor, at\u00eet \u00een combina\u021bie cu draperiile, c\u00eet \u0219i separat. Originalitatea, func\u021bionalitatea \u0219i durabilitatea face posibil\u0103 utilizarea jaluzelelor verticale, ca element independent de decor. Sunt posibile diverse combina\u021bii de culori, nuan\u021be \u0219i culori.\r\n\r\nMateria din care sunt fabricate jaluzelele verticale este acoperit\u0103 cu un strat antistatic \u0219i antipraf, datorit\u0103 c\u0103ruia acestea nu necesit\u0103 nici un fel de \u00eengrijire special\u0103. Dar acesta nu este unicul avantaj al lor, jaluzele verticale se produc la comand\u0103 dup\u0103 dimensiunile \u0219i dorin\u021bele individuale ale clientului.","protected":false},"excerpt":{"rendered":"Jaluzele verticale sunt una din cele mai bune solu\u021bii pentru un d\u00e9cor reu\u0219it a casei Dvs. Ele se \u00eencadreaz\u0103 perfect \u00een orice design modern. Pute\u021bi alege jaluzele dup\u0103 culoarea \u0219i textura tapetelor sau a mobile \u2013 o gam\u0103 vast\u0103 de culori ofer\u0103 posibilit\u0103\u021bi nelimitate pentru realizarea oric\u0103rei idei a Dvs. Jaluzele textile verticale au \u00eencetat [&hellip;]","protected":false},"author":1,"featured_media":0,"parent":0,"menu_order":0,"comment_status":"closed","ping_status":"closed","template":"","meta":[],"translation":{"provider":"WPGlobus","version":"2.8.11","language":"ro","enabled_languages":["ru","ro","en"],"languages":{"ru":{"title":true,"content":true,"excerpt":false},"ro":{"title":true,"content":true,"excerpt":false},"en":{"title":true,"content":true,"excerpt":false}}},"yoast_head":"<!-- This site is optimized with the Yoast SEO plugin v18.6 - https:\/\/yoast.com\/wordpress\/plugins\/seo\/ -->\n<title>Jaluzele verticale textile | EcoPlast<\/title>\n<meta name=\"robots\" content=\"index, follow, max-snippet:-1, max-image-preview:large, max-video-preview:-1\" \/>\n<link rel=\"canonical\" href=\"https:\/\/old.ecoplast.md\/ro\/jaluzele-verticale-textile\/\" \/>\n<meta property=\"og:locale\" content=\"ro_RO\" \/>\n<meta property=\"og:type\" content=\"article\" \/>\n<meta property=\"og:title\" content=\"Jaluzele verticale textile | EcoPlast\" \/>\n<meta property=\"og:url\" content=\"https:\/\/old.ecoplast.md\/ro\/jaluzele-verticale-textile\/\" \/>\n<meta property=\"og:site_name\" content=\"EcoPlast\" \/>\n<meta property=\"article:modified_time\" content=\"2021-01-25T22:49:35+00:00\" \/>\n<meta name=\"twitter:card\" content=\"summary\" \/>\n<meta name=\"twitter:label1\" content=\"Est. reading time\" \/>\n\t<meta name=\"twitter:data1\" content=\"2 minutes\" \/>\n<script type=\"application\/ld+json\" class=\"yoast-schema-graph\">{\"@context\":\"https:\/\/schema.org\",\"@graph\":[{\"@type\":\"WebSite\",\"@id\":\"https:\/\/old.ecoplast.md\/#website\",\"url\":\"https:\/\/old.ecoplast.md\/\",\"name\":\"EcoPlast\",\"description\":\"Ferestre din PVC de calitate inalta si usi la cele mai mici preturi\",\"potentialAction\":[{\"@type\":\"SearchAction\",\"target\":{\"@type\":\"EntryPoint\",\"urlTemplate\":\"https:\/\/old.ecoplast.md\/?s={search_term_string}\"},\"query-input\":\"required name=search_term_string\"}],\"inLanguage\":\"ro-RO\"},{\"@type\":\"WebPage\",\"@id\":\"https:\/\/old.ecoplast.md\/ro\/jaluzele-verticale-textile\/#webpage\",\"url\":\"https:\/\/old.ecoplast.md\/ro\/jaluzele-verticale-textile\/\",\"name\":\"Jaluzele verticale textile | EcoPlast\",\"isPartOf\":{\"@id\":\"https:\/\/old.ecoplast.md\/#website\"},\"datePublished\":\"2016-08-02T21:27:57+00:00\",\"dateModified\":\"2021-01-25T22:49:35+00:00\",\"breadcrumb\":{\"@id\":\"https:\/\/old.ecoplast.md\/ro\/jaluzele-verticale-textile\/#breadcrumb\"},\"inLanguage\":\"ro-RO\",\"potentialAction\":[{\"@type\":\"ReadAction\",\"target\":[\"https:\/\/old.ecoplast.md\/ro\/jaluzele-verticale-textile\/\"]}]},{\"@type\":\"BreadcrumbList\",\"@id\":\"https:\/\/old.ecoplast.md\/ro\/jaluzele-verticale-textile\/#breadcrumb\",\"itemListElement\":[{\"@type\":\"ListItem\",\"position\":1,\"name\":\"Jaluzele verticale textile\"}]}]}<\/script>\n<!-- \/ Yoast SEO plugin. -->","yoast_head_json":{"title":"Jaluzele verticale textile | EcoPlast","robots":{"index":"index","follow":"follow","max-snippet":"max-snippet:-1","max-image-preview":"max-image-preview:large","max-video-preview":"max-video-preview:-1"},"canonical":"https:\/\/old.ecoplast.md\/ro\/jaluzele-verticale-textile\/","og_locale":"ro_RO","og_type":"article","og_title":"Jaluzele verticale textile | EcoPlast","og_url":"https:\/\/old.ecoplast.md\/ro\/jaluzele-verticale-textile\/","og_site_name":"EcoPlast","article_modified_time":"2021-01-25T22:49:35+00:00","twitter_card":"summary","twitter_misc":{"Est. reading time":"2 minutes"},"schema":{"@context":"https:\/\/schema.org","@graph":[{"@type":"WebSite","@id":"https:\/\/old.ecoplast.md\/#website","url":"https:\/\/old.ecoplast.md\/","name":"EcoPlast","description":"Ferestre din PVC de calitate inalta si usi la cele mai mici preturi","potentialAction":[{"@type":"SearchAction","target":{"@type":"EntryPoint","urlTemplate":"https:\/\/old.ecoplast.md\/?s={search_term_string}"},"query-input":"required name=search_term_string"}],"inLanguage":"ro-RO"},{"@type":"WebPage","@id":"https:\/\/old.ecoplast.md\/ro\/jaluzele-verticale-textile\/#webpage","url":"https:\/\/old.ecoplast.md\/ro\/jaluzele-verticale-textile\/","name":"Jaluzele verticale textile | EcoPlast","isPartOf":{"@id":"https:\/\/old.ecoplast.md\/#website"},"datePublished":"2016-08-02T21:27:57+00:00","dateModified":"2021-01-25T22:49:35+00:00","breadcrumb":{"@id":"https:\/\/old.ecoplast.md\/ro\/jaluzele-verticale-textile\/#breadcrumb"},"inLanguage":"ro-RO","potentialAction":[{"@type":"ReadAction","target":["https:\/\/old.ecoplast.md\/ro\/jaluzele-verticale-textile\/"]}]},{"@type":"BreadcrumbList","@id":"https:\/\/old.ecoplast.md\/ro\/jaluzele-verticale-textile\/#breadcrumb","itemListElement":[{"@type":"ListItem","position":1,"name":"Jaluzele verticale textile"}]}]}},"_links":{"self":[{"href":"https:\/\/old.ecoplast.md\/ro\/wp-json\/wp\/v2\/pages\/189"}],"collection":[{"href":"https:\/\/old.ecoplast.md\/ro\/wp-json\/wp\/v2\/pages"}],"about":[{"href":"https:\/\/old.ecoplast.md\/ro\/wp-json\/wp\/v2\/types\/page"}],"author":[{"embeddable":true,"href":"https:\/\/old.ecoplast.md\/ro\/wp-json\/wp\/v2\/users\/1"}],"replies":[{"embeddable":true,"href":"https:\/\/old.ecoplast.md\/ro\/wp-json\/wp\/v2\/comments?post=189"}],"version-history":[{"count":4,"href":"https:\/\/old.ecoplast.md\/ro\/wp-json\/wp\/v2\/pages\/189\/revisions"}],"predecessor-version":[{"id":534,"href":"https:\/\/old.ecoplast.md\/ro\/wp-json\/wp\/v2\/pages\/189\/revisions\/534"}],"wp:attachment":[{"href":"https:\/\/old.ecoplast.md\/ro\/wp-json\/wp\/v2\/media?parent=189"}],"curies":[{"name":"wp","href":"https:\/\/api.w.org\/{rel}","templated":true}]}}