{"id":199,"date":"2016-08-03T00:57:00","date_gmt":"2016-08-02T21:57:00","guid":{"rendered":"https:\/\/old.ecoplast.md\/?page_id=199"},"modified":"2021-01-26T01:56:05","modified_gmt":"2021-01-25T22:56:05","slug":"rulonnye-tekstilnye-zhalyuzi","status":"publish","type":"page","link":"https:\/\/old.ecoplast.md\/ro\/rulonnye-tekstilnye-zhalyuzi\/","title":{"rendered":"Jaluzele rulou"},"content":{"rendered":"<style>    #bwg_container1_0 #bwg_container2_0 .bwg_standart_thumbnails_0 * {        -moz-box-sizing: border-box;        box-sizing: border-box;      }      #bwg_container1_0 #bwg_container2_0 .bwg_standart_thumb_spun1_0 {        -moz-box-sizing: content-box;        box-sizing: content-box;        background-color: #FFFFFF;        display: inline-block;        height: 266px;        margin: 4px;        padding: 0px;        opacity: 1.00;        filter: Alpha(opacity=100);        text-align: center;        vertical-align: middle;        transition: all 0.3s ease 0s;-webkit-transition: all 0.3s ease 0s;        width: 266px;        z-index: 100;      }      #bwg_container1_0 #bwg_container2_0 .bwg_standart_thumb_spun1_0:hover {        -ms-transform: scale(1.1);        -webkit-transform: scale(1.1);        backface-visibility: hidden;        -webkit-backface-visibility: hidden;        -moz-backface-visibility: hidden;        -ms-backface-visibility: hidden;        opacity: 1;        filter: Alpha(opacity=100);        transform: scale(1.1);        z-index: 102;        position: relative;      }      #bwg_container1_0 #bwg_container2_0 .bwg_standart_thumb_spun2_0 {        border: 0px none #CCCCCC;        border-radius: 0;        box-shadow: 0px 0px 0px #888888;        display: inline-block;        height: 266px;        overflow: hidden;        width: 266px;      }      #bwg_container1_0 #bwg_container2_0 .bwg_standart_thumbnails_0 {        background-color: rgba(255, 255, 255, 0.00);        display: inline-block;        font-size: 0;        max-width: 1112px;        text-align: center;      }      #bwg_container1_0 #bwg_container2_0 .bwg_standart_thumb_0 {        display: inline-block;        text-align: center;      }            #bwg_container1_0 #bwg_container2_0 .bwg_standart_thumb_spun1_0:hover .bwg_title_spun1_0 {        left: 0px;        top: 0px;        opacity: 1;        filter: Alpha(opacity=100);      }      #bwg_container1_0 #bwg_container2_0 .bwg_title_spun2_0 {        color: #CCCCCC;        display: table-cell;        font-family: segoe ui;        font-size: 16px;        font-weight: bold;        height: inherit;        padding: 2px;        text-shadow: 0px 0px 0px #888888;        vertical-align: middle;        width: inherit;        word-wrap: break-word;      }      \/*pagination styles*\/      #bwg_container1_0 #bwg_container2_0 .tablenav-pages_0 {        text-align: center;        font-size: 12px;        font-family: segoe ui;        font-weight: bold;        color: #666666;        margin: 6px 0 4px;        display: block;        height: 30px;        line-height: 30px;      }      @media only screen and (max-width : 320px) {        #bwg_container1_0 #bwg_container2_0 .displaying-num_0 {          display: none;        }      }      #bwg_container1_0 #bwg_container2_0 .displaying-num_0 {        font-size: 12px;        font-family: segoe ui;        font-weight: bold;        color: #666666;        margin-right: 10px;        vertical-align: middle;      }      #bwg_container1_0 #bwg_container2_0 .paging-input_0 {        font-size: 12px;        font-family: segoe ui;        font-weight: bold;        color: #666666;        vertical-align: middle;      }      #bwg_container1_0 #bwg_container2_0 .tablenav-pages_0 a.disabled,      #bwg_container1_0 #bwg_container2_0 .tablenav-pages_0 a.disabled:hover,      #bwg_container1_0 #bwg_container2_0 .tablenav-pages_0 a.disabled:focus {        cursor: default;        color: rgba(102, 102, 102, 0.5);      }      #bwg_container1_0 #bwg_container2_0 .tablenav-pages_0 a {        cursor: pointer;        font-size: 12px;      font-family: segoe ui;        font-weight: bold;        color: #666666;        text-decoration: none;        padding: 3px 6px;        margin: 0;        border-radius: 0;        border-style: solid;        border-width: 1px;        border-color: #E3E3E3;        background-color: #FFFFFF;        opacity: 1.00;        filter: Alpha(opacity=100);        box-shadow: 0;        transition: all 0.3s ease 0s;-webkit-transition: all 0.3s ease 0s;      }      #bwg_container1_0 #bwg_container2_0 .bwg_back_0 {        background-color: rgba(0, 0, 0, 0);        color: #000000 !important;        cursor: pointer;        display: block;      font-family: segoe ui;        font-size: 16px;        font-weight: bold;        text-decoration: none;        padding: 0;      }      #bwg_container1_0 #bwg_container2_0 #spider_popup_overlay_0 {        background-color: #000000;        opacity: 0.70;        filter: Alpha(opacity=70);      }     .bwg_play_icon_spun_0 {        width: inherit;        height: inherit;        display: table;        position: absolute;      }\t      .bwg_play_icon_0 {        color: #CCCCCC;        font-size: 32px;        vertical-align: middle;        display: table-cell !important;        z-index: 1;        text-align: center;        margin: 0 auto;      }      #bwg_container1_0 #bwg_container2_0 .bwg_gal_title_0 {      background-color: rgba(0, 0, 0, 0);      color: #CCCCCC;      display: block;      font-family: segoe ui;      font-size: 16px;      font-weight: bold;      padding: 2px;      text-shadow: 0px 0px 0px #888888;      text-align: center;    }    <\/style>    <div id=\"bwg_container1_0\">      <div id=\"bwg_container2_0\">        <form id=\"gal_front_form_0\" method=\"post\" action=\"#\" data-current=\"0\">                    <div style=\"background-color:rgba(0, 0, 0, 0); text-align: center; width:100%; position: relative;\">            <div id=\"ajax_loading_0\" style=\"position:absolute;width: 100%; z-index: 115; text-align: center; height: 100%; vertical-align: middle; display:none;\">              <div style=\"display: table; vertical-align: middle; width: 100%; height: 100%; background-color: #FFFFFF; opacity: 0.7; filter: Alpha(opacity=70);\">                <div style=\"display: table-cell; text-align: center; position: relative; vertical-align: middle;\" >                  <div id=\"loading_div_0\" class=\"bwg_spider_ajax_loading\" style=\"display: inline-block; text-align:center; position:relative; vertical-align:middle; background-image:url(https:\/\/old.ecoplast.md\/wp-content\/plugins\/photo-gallery\/images\/ajax_loader.gif); float: none; width:30px;height:30px;background-size:30px 30px;\">                  <\/div>                <\/div>              <\/div>            <\/div>                        <div id=\"bwg_standart_thumbnails_0\" class=\"bwg_standart_thumbnails_0\">                              <a  class=\"bwg_lightbox_0\" href=\"https:\/\/old.ecoplast.md\/wp-content\/uploads\/photo-gallery\/Jaluzele\/4rollo.jpg\" data-image-id=\"146\">                  <span class=\"bwg_standart_thumb_0\">                                        <span class=\"bwg_standart_thumb_spun1_0\">                      <span class=\"bwg_standart_thumb_spun2_0\">                                                <img class=\"bwg_standart_thumb_img_0 bwg_img_clear bwg_img_custom\" style=\"width:266px; height:329.7520661157px; margin-left: 0px; margin-top: -31.876033057851px;\" id=\"146\" src=\"https:\/\/old.ecoplast.md\/wp-content\/uploads\/photo-gallery\/Jaluzele\/thumb\/4rollo.jpg\" alt=\"4rollo\" \/>                      <\/span>                    <\/span>                                      <\/span>                <\/a>                                <a  class=\"bwg_lightbox_0\" href=\"https:\/\/old.ecoplast.md\/wp-content\/uploads\/photo-gallery\/Jaluzele\/2rollo.jpg\" data-image-id=\"144\">                  <span class=\"bwg_standart_thumb_0\">                                        <span class=\"bwg_standart_thumb_spun1_0\">                      <span class=\"bwg_standart_thumb_spun2_0\">                                                <img class=\"bwg_standart_thumb_img_0 bwg_img_clear bwg_img_custom\" style=\"width:266px; height:266px; margin-left: 0px; margin-top: 0px;\" id=\"144\" src=\"https:\/\/old.ecoplast.md\/wp-content\/uploads\/photo-gallery\/Jaluzele\/thumb\/2rollo.jpg\" alt=\"2rollo\" \/>                      <\/span>                    <\/span>                                      <\/span>                <\/a>                                <a  class=\"bwg_lightbox_0\" href=\"https:\/\/old.ecoplast.md\/wp-content\/uploads\/photo-gallery\/Jaluzele\/1rollo.jpg\" data-image-id=\"147\">                  <span class=\"bwg_standart_thumb_0\">                                        <span class=\"bwg_standart_thumb_spun1_0\">                      <span class=\"bwg_standart_thumb_spun2_0\">                                                <img class=\"bwg_standart_thumb_img_0 bwg_img_clear bwg_img_custom\" style=\"width:401.00502512563px; height:266px; margin-left: -67.502512562814px; margin-top: 0px;\" id=\"147\" src=\"https:\/\/old.ecoplast.md\/wp-content\/uploads\/photo-gallery\/Jaluzele\/thumb\/1rollo.jpg\" alt=\"1rollo\" \/>                      <\/span>                    <\/span>                                      <\/span>                <\/a>                                <a  class=\"bwg_lightbox_0\" href=\"https:\/\/old.ecoplast.md\/wp-content\/uploads\/photo-gallery\/Jaluzele\/3rollo.jpg\" data-image-id=\"145\">                  <span class=\"bwg_standart_thumb_0\">                                        <span class=\"bwg_standart_thumb_spun1_0\">                      <span class=\"bwg_standart_thumb_spun2_0\">                                                <img class=\"bwg_standart_thumb_img_0 bwg_img_clear bwg_img_custom\" style=\"width:393.10344827586px; height:266px; margin-left: -63.551724137931px; margin-top: 0px;\" id=\"145\" src=\"https:\/\/old.ecoplast.md\/wp-content\/uploads\/photo-gallery\/Jaluzele\/thumb\/3rollo.jpg\" alt=\"3rollo\" \/>                      <\/span>                    <\/span>                                      <\/span>                <\/a>                            <\/div>                      <\/div>        <\/form>        <div id=\"bwg_spider_popup_loading_0\" class=\"bwg_spider_popup_loading\"><\/div>        <div id=\"spider_popup_overlay_0\" class=\"spider_popup_overlay\" onclick=\"spider_destroypopup(1000)\"><\/div>      <\/div>    <\/div>\t    <script>      function bwg_gallery_box_0(image_id) {        var filterTags = jQuery(\"#bwg_tags_id_bwg_standart_thumbnails_0\" ).val() ? jQuery(\"#bwg_tags_id_bwg_standart_thumbnails_0\" ).val() : 0;        var filtersearchname = jQuery(\"#bwg_search_input_0\" ).val() ? \"&filter_search_name_0=\" + jQuery(\"#bwg_search_input_0\" ).val() : '';        spider_createpopup('https:\/\/old.ecoplast.md\/wp-admin\/admin-ajax.php?action=GalleryBox&tags=0&current_view=0&gallery_id=13&theme_id=1&thumb_width=266&thumb_height=266&open_with_fullscreen=0&open_with_autoplay=1&image_width=800&image_height=500&image_effect=fade&wd_sor=resolution&wd_ord=asc&enable_image_filmstrip=1&image_filmstrip_height=70&enable_image_ctrl_btn=1&enable_image_fullscreen=0&popup_enable_info=0&popup_info_always_show=0&popup_info_full_width=0&popup_hit_counter=0&popup_enable_rate=0&slideshow_interval=3&enable_comment_social=1&enable_image_facebook=1&enable_image_twitter=1&enable_image_google=1&enable_image_pinterest=0&enable_image_tumblr=0&watermark_type=none&slideshow_effect_duration=1&image_id=' + image_id + \"&filter_tag_0=\" +  filterTags + filtersearchname, '0', '800', '500', 1, 'testpopup', 5, \"bottom\");      }      function bwg_document_ready_0() {        var bwg_touch_flag = false;        jQuery(\".bwg_lightbox_0\").on(\"click\", function () {          if (!bwg_touch_flag) {            bwg_touch_flag = true;            setTimeout(function(){ bwg_touch_flag = false; }, 100);            bwg_gallery_box_0(jQuery(this).attr(\"data-image-id\"));            return false;          }        });               }      jQuery(document).ready(function () {        bwg_document_ready_0();      });    <\/script>    \r\n<p>Jaluzelele textile rollo sunt unele din cele mai noi sisteme de protec\u021bie solar\u0103, care sunt \u00eentr-at\u00eet de unice, \u00eenc\u00eet nu numai c\u0103 se \u00eencadreaz\u0103 \u00een orice interior, dar permit \u0219i montarea lor ca element aparte al decorului, f\u0103r\u0103 draperii.<\/p>\r\n<p>Jaluzelele rollo, \u00een primul r\u00eend, \u00eendeplinesc func\u021bia tradi\u021bional\u0103 \u2013 protejeaz\u0103 de soare. Cu toate acestea, ele au o posibilitate, de care nu dispun jaluzelele orizontale sau cele verticale \u2013 ele pot transmite par\u021bial lumina, disipind-o. Dac\u0103 Dumneavoastr\u0103, dorind s\u0103 v\u0103 ascunde\u021bi de lumina soarelui,  ve\u021bi \u00eenchide jaluzelele orizontale de aluminiu, atunci camera se va cufunda \u00een bezn\u0103. Dac\u0103 ve\u021bi \u00eenchide jaluzelele rollo, camera va fi sc\u0103ldat\u0103 \u00een lumin\u0103 difuz\u0103, ceea ce va fi suficient pentru a nu folosi iluminare electric\u0103, \u0219i \u00een acela\u0219i timp \u00een \u00eenc\u0103pere va fi mai rece.<\/p>\r\n<p>Pentru jaluzelele rollo exist\u0103 o gam\u0103 vast\u0103 de materiale de diferite culori \u0219i texturi, ceea ce V\u0103 va permite s\u0103 alege\u021bi nuan\u021ba potrivit\u0103 interiorului Dvs. De asemenea pe jaluzelele rollo simple avem posibilitatea de a printa desenul Dvs. la alegere.<\/p>","protected":false},"excerpt":{"rendered":"Jaluzelele textile rollo sunt unele din cele mai noi sisteme de protec\u021bie solar\u0103, care sunt \u00eentr-at\u00eet de unice, \u00eenc\u00eet nu numai c\u0103 se \u00eencadreaz\u0103 \u00een orice interior, dar permit \u0219i montarea lor ca element aparte al decorului, f\u0103r\u0103 draperii. Jaluzelele rollo, \u00een primul r\u00eend, \u00eendeplinesc func\u021bia tradi\u021bional\u0103 \u2013 protejeaz\u0103 de soare. Cu toate acestea, ele [&hellip;]","protected":false},"author":1,"featured_media":0,"parent":0,"menu_order":0,"comment_status":"closed","ping_status":"closed","template":"","meta":[],"translation":{"provider":"WPGlobus","version":"2.8.11","language":"ro","enabled_languages":["ru","ro","en"],"languages":{"ru":{"title":true,"content":true,"excerpt":false},"ro":{"title":true,"content":true,"excerpt":false},"en":{"title":true,"content":true,"excerpt":false}}},"yoast_head":"<!-- This site is optimized with the Yoast SEO plugin v18.6 - https:\/\/yoast.com\/wordpress\/plugins\/seo\/ -->\n<title>Jaluzele rulou | EcoPlast<\/title>\n<meta name=\"robots\" content=\"index, follow, max-snippet:-1, max-image-preview:large, max-video-preview:-1\" \/>\n<link rel=\"canonical\" href=\"https:\/\/old.ecoplast.md\/ro\/rulonnye-tekstilnye-zhalyuzi\/\" \/>\n<meta property=\"og:locale\" content=\"ro_RO\" \/>\n<meta property=\"og:type\" content=\"article\" \/>\n<meta property=\"og:title\" content=\"Jaluzele rulou | EcoPlast\" \/>\n<meta property=\"og:url\" content=\"https:\/\/old.ecoplast.md\/ro\/rulonnye-tekstilnye-zhalyuzi\/\" \/>\n<meta property=\"og:site_name\" content=\"EcoPlast\" \/>\n<meta property=\"article:modified_time\" content=\"2021-01-25T22:56:05+00:00\" \/>\n<meta name=\"twitter:card\" content=\"summary\" \/>\n<meta name=\"twitter:label1\" content=\"Est. reading time\" \/>\n\t<meta name=\"twitter:data1\" content=\"2 minutes\" \/>\n<script type=\"application\/ld+json\" class=\"yoast-schema-graph\">{\"@context\":\"https:\/\/schema.org\",\"@graph\":[{\"@type\":\"WebSite\",\"@id\":\"https:\/\/old.ecoplast.md\/#website\",\"url\":\"https:\/\/old.ecoplast.md\/\",\"name\":\"EcoPlast\",\"description\":\"Ferestre din PVC de calitate inalta si usi la cele mai mici preturi\",\"potentialAction\":[{\"@type\":\"SearchAction\",\"target\":{\"@type\":\"EntryPoint\",\"urlTemplate\":\"https:\/\/old.ecoplast.md\/?s={search_term_string}\"},\"query-input\":\"required name=search_term_string\"}],\"inLanguage\":\"ro-RO\"},{\"@type\":\"WebPage\",\"@id\":\"https:\/\/old.ecoplast.md\/ro\/rulonnye-tekstilnye-zhalyuzi\/#webpage\",\"url\":\"https:\/\/old.ecoplast.md\/ro\/rulonnye-tekstilnye-zhalyuzi\/\",\"name\":\"Jaluzele rulou | EcoPlast\",\"isPartOf\":{\"@id\":\"https:\/\/old.ecoplast.md\/#website\"},\"datePublished\":\"2016-08-02T21:57:00+00:00\",\"dateModified\":\"2021-01-25T22:56:05+00:00\",\"breadcrumb\":{\"@id\":\"https:\/\/old.ecoplast.md\/ro\/rulonnye-tekstilnye-zhalyuzi\/#breadcrumb\"},\"inLanguage\":\"ro-RO\",\"potentialAction\":[{\"@type\":\"ReadAction\",\"target\":[\"https:\/\/old.ecoplast.md\/ro\/rulonnye-tekstilnye-zhalyuzi\/\"]}]},{\"@type\":\"BreadcrumbList\",\"@id\":\"https:\/\/old.ecoplast.md\/ro\/rulonnye-tekstilnye-zhalyuzi\/#breadcrumb\",\"itemListElement\":[{\"@type\":\"ListItem\",\"position\":1,\"name\":\"Jaluzele rulou\"}]}]}<\/script>\n<!-- \/ Yoast SEO plugin. -->","yoast_head_json":{"title":"Jaluzele rulou | EcoPlast","robots":{"index":"index","follow":"follow","max-snippet":"max-snippet:-1","max-image-preview":"max-image-preview:large","max-video-preview":"max-video-preview:-1"},"canonical":"https:\/\/old.ecoplast.md\/ro\/rulonnye-tekstilnye-zhalyuzi\/","og_locale":"ro_RO","og_type":"article","og_title":"Jaluzele rulou | EcoPlast","og_url":"https:\/\/old.ecoplast.md\/ro\/rulonnye-tekstilnye-zhalyuzi\/","og_site_name":"EcoPlast","article_modified_time":"2021-01-25T22:56:05+00:00","twitter_card":"summary","twitter_misc":{"Est. reading time":"2 minutes"},"schema":{"@context":"https:\/\/schema.org","@graph":[{"@type":"WebSite","@id":"https:\/\/old.ecoplast.md\/#website","url":"https:\/\/old.ecoplast.md\/","name":"EcoPlast","description":"Ferestre din PVC de calitate inalta si usi la cele mai mici preturi","potentialAction":[{"@type":"SearchAction","target":{"@type":"EntryPoint","urlTemplate":"https:\/\/old.ecoplast.md\/?s={search_term_string}"},"query-input":"required name=search_term_string"}],"inLanguage":"ro-RO"},{"@type":"WebPage","@id":"https:\/\/old.ecoplast.md\/ro\/rulonnye-tekstilnye-zhalyuzi\/#webpage","url":"https:\/\/old.ecoplast.md\/ro\/rulonnye-tekstilnye-zhalyuzi\/","name":"Jaluzele rulou | EcoPlast","isPartOf":{"@id":"https:\/\/old.ecoplast.md\/#website"},"datePublished":"2016-08-02T21:57:00+00:00","dateModified":"2021-01-25T22:56:05+00:00","breadcrumb":{"@id":"https:\/\/old.ecoplast.md\/ro\/rulonnye-tekstilnye-zhalyuzi\/#breadcrumb"},"inLanguage":"ro-RO","potentialAction":[{"@type":"ReadAction","target":["https:\/\/old.ecoplast.md\/ro\/rulonnye-tekstilnye-zhalyuzi\/"]}]},{"@type":"BreadcrumbList","@id":"https:\/\/old.ecoplast.md\/ro\/rulonnye-tekstilnye-zhalyuzi\/#breadcrumb","itemListElement":[{"@type":"ListItem","position":1,"name":"Jaluzele rulou"}]}]}},"_links":{"self":[{"href":"https:\/\/old.ecoplast.md\/ro\/wp-json\/wp\/v2\/pages\/199"}],"collection":[{"href":"https:\/\/old.ecoplast.md\/ro\/wp-json\/wp\/v2\/pages"}],"about":[{"href":"https:\/\/old.ecoplast.md\/ro\/wp-json\/wp\/v2\/types\/page"}],"author":[{"embeddable":true,"href":"https:\/\/old.ecoplast.md\/ro\/wp-json\/wp\/v2\/users\/1"}],"replies":[{"embeddable":true,"href":"https:\/\/old.ecoplast.md\/ro\/wp-json\/wp\/v2\/comments?post=199"}],"version-history":[{"count":4,"href":"https:\/\/old.ecoplast.md\/ro\/wp-json\/wp\/v2\/pages\/199\/revisions"}],"predecessor-version":[{"id":540,"href":"https:\/\/old.ecoplast.md\/ro\/wp-json\/wp\/v2\/pages\/199\/revisions\/540"}],"wp:attachment":[{"href":"https:\/\/old.ecoplast.md\/ro\/wp-json\/wp\/v2\/media?parent=199"}],"curies":[{"name":"wp","href":"https:\/\/api.w.org\/{rel}","templated":true}]}}