{"id":208,"date":"2016-08-03T11:36:51","date_gmt":"2016-08-03T08:36:51","guid":{"rendered":"https:\/\/old.ecoplast.md\/?page_id=208"},"modified":"2021-01-26T02:17:13","modified_gmt":"2021-01-25T23:17:13","slug":"rulonnye-shtory-den-noch","status":"publish","type":"page","link":"https:\/\/old.ecoplast.md\/ro\/rulonnye-shtory-den-noch\/","title":{"rendered":"Jaluzele Zi Noapte"},"content":{"rendered":"<style>    #bwg_container1_0 #bwg_container2_0 .bwg_standart_thumbnails_0 * {        -moz-box-sizing: border-box;        box-sizing: border-box;      }      #bwg_container1_0 #bwg_container2_0 .bwg_standart_thumb_spun1_0 {        -moz-box-sizing: content-box;        box-sizing: content-box;        background-color: #FFFFFF;        display: inline-block;        height: 266px;        margin: 4px;        padding: 0px;        opacity: 1.00;        filter: Alpha(opacity=100);        text-align: center;        vertical-align: middle;        transition: all 0.3s ease 0s;-webkit-transition: all 0.3s ease 0s;        width: 266px;        z-index: 100;      }      #bwg_container1_0 #bwg_container2_0 .bwg_standart_thumb_spun1_0:hover {        -ms-transform: scale(1.1);        -webkit-transform: scale(1.1);        backface-visibility: hidden;        -webkit-backface-visibility: hidden;        -moz-backface-visibility: hidden;        -ms-backface-visibility: hidden;        opacity: 1;        filter: Alpha(opacity=100);        transform: scale(1.1);        z-index: 102;        position: relative;      }      #bwg_container1_0 #bwg_container2_0 .bwg_standart_thumb_spun2_0 {        border: 0px none #CCCCCC;        border-radius: 0;        box-shadow: 0px 0px 0px #888888;        display: inline-block;        height: 266px;        overflow: hidden;        width: 266px;      }      #bwg_container1_0 #bwg_container2_0 .bwg_standart_thumbnails_0 {        background-color: rgba(255, 255, 255, 0.00);        display: inline-block;        font-size: 0;        max-width: 1112px;        text-align: center;      }      #bwg_container1_0 #bwg_container2_0 .bwg_standart_thumb_0 {        display: inline-block;        text-align: center;      }            #bwg_container1_0 #bwg_container2_0 .bwg_standart_thumb_spun1_0:hover .bwg_title_spun1_0 {        left: 0px;        top: 0px;        opacity: 1;        filter: Alpha(opacity=100);      }      #bwg_container1_0 #bwg_container2_0 .bwg_title_spun2_0 {        color: #CCCCCC;        display: table-cell;        font-family: segoe ui;        font-size: 16px;        font-weight: bold;        height: inherit;        padding: 2px;        text-shadow: 0px 0px 0px #888888;        vertical-align: middle;        width: inherit;        word-wrap: break-word;      }      \/*pagination styles*\/      #bwg_container1_0 #bwg_container2_0 .tablenav-pages_0 {        text-align: center;        font-size: 12px;        font-family: segoe ui;        font-weight: bold;        color: #666666;        margin: 6px 0 4px;        display: block;        height: 30px;        line-height: 30px;      }      @media only screen and (max-width : 320px) {        #bwg_container1_0 #bwg_container2_0 .displaying-num_0 {          display: none;        }      }      #bwg_container1_0 #bwg_container2_0 .displaying-num_0 {        font-size: 12px;        font-family: segoe ui;        font-weight: bold;        color: #666666;        margin-right: 10px;        vertical-align: middle;      }      #bwg_container1_0 #bwg_container2_0 .paging-input_0 {        font-size: 12px;        font-family: segoe ui;        font-weight: bold;        color: #666666;        vertical-align: middle;      }      #bwg_container1_0 #bwg_container2_0 .tablenav-pages_0 a.disabled,      #bwg_container1_0 #bwg_container2_0 .tablenav-pages_0 a.disabled:hover,      #bwg_container1_0 #bwg_container2_0 .tablenav-pages_0 a.disabled:focus {        cursor: default;        color: rgba(102, 102, 102, 0.5);      }      #bwg_container1_0 #bwg_container2_0 .tablenav-pages_0 a {        cursor: pointer;        font-size: 12px;      font-family: segoe ui;        font-weight: bold;        color: #666666;        text-decoration: none;        padding: 3px 6px;        margin: 0;        border-radius: 0;        border-style: solid;        border-width: 1px;        border-color: #E3E3E3;        background-color: #FFFFFF;        opacity: 1.00;        filter: Alpha(opacity=100);        box-shadow: 0;        transition: all 0.3s ease 0s;-webkit-transition: all 0.3s ease 0s;      }      #bwg_container1_0 #bwg_container2_0 .bwg_back_0 {        background-color: rgba(0, 0, 0, 0);        color: #000000 !important;        cursor: pointer;        display: block;      font-family: segoe ui;        font-size: 16px;        font-weight: bold;        text-decoration: none;        padding: 0;      }      #bwg_container1_0 #bwg_container2_0 #spider_popup_overlay_0 {        background-color: #000000;        opacity: 0.70;        filter: Alpha(opacity=70);      }     .bwg_play_icon_spun_0 {        width: inherit;        height: inherit;        display: table;        position: absolute;      }\t      .bwg_play_icon_0 {        color: #CCCCCC;        font-size: 32px;        vertical-align: middle;        display: table-cell !important;        z-index: 1;        text-align: center;        margin: 0 auto;      }      #bwg_container1_0 #bwg_container2_0 .bwg_gal_title_0 {      background-color: rgba(0, 0, 0, 0);      color: #CCCCCC;      display: block;      font-family: segoe ui;      font-size: 16px;      font-weight: bold;      padding: 2px;      text-shadow: 0px 0px 0px #888888;      text-align: center;    }    <\/style>    <div id=\"bwg_container1_0\">      <div id=\"bwg_container2_0\">        <form id=\"gal_front_form_0\" method=\"post\" action=\"#\" data-current=\"0\">                    <div style=\"background-color:rgba(0, 0, 0, 0); text-align: center; width:100%; position: relative;\">            <div id=\"ajax_loading_0\" style=\"position:absolute;width: 100%; z-index: 115; text-align: center; height: 100%; vertical-align: middle; display:none;\">              <div style=\"display: table; vertical-align: middle; width: 100%; height: 100%; background-color: #FFFFFF; opacity: 0.7; filter: Alpha(opacity=70);\">                <div style=\"display: table-cell; text-align: center; position: relative; vertical-align: middle;\" >                  <div id=\"loading_div_0\" class=\"bwg_spider_ajax_loading\" style=\"display: inline-block; text-align:center; position:relative; vertical-align:middle; background-image:url(https:\/\/old.ecoplast.md\/wp-content\/plugins\/photo-gallery\/images\/ajax_loader.gif); float: none; width:30px;height:30px;background-size:30px 30px;\">                  <\/div>                <\/div>              <\/div>            <\/div>                        <div id=\"bwg_standart_thumbnails_0\" class=\"bwg_standart_thumbnails_0\">                              <a  class=\"bwg_lightbox_0\" href=\"https:\/\/old.ecoplast.md\/wp-content\/uploads\/photo-gallery\/Jaluzele\/4dn.jpg\" data-image-id=\"155\">                  <span class=\"bwg_standart_thumb_0\">                                        <span class=\"bwg_standart_thumb_spun1_0\">                      <span class=\"bwg_standart_thumb_spun2_0\">                                                <img class=\"bwg_standart_thumb_img_0 bwg_img_clear bwg_img_custom\" style=\"width:440.88397790055px; height:266px; margin-left: -87.441988950276px; margin-top: 0px;\" id=\"155\" src=\"https:\/\/old.ecoplast.md\/wp-content\/uploads\/photo-gallery\/Jaluzele\/thumb\/4dn.jpg\" alt=\"4dn\" \/>                      <\/span>                    <\/span>                                      <\/span>                <\/a>                                <a  class=\"bwg_lightbox_0\" href=\"https:\/\/old.ecoplast.md\/wp-content\/uploads\/photo-gallery\/Jaluzele\/3dn.jpg\" data-image-id=\"154\">                  <span class=\"bwg_standart_thumb_0\">                                        <span class=\"bwg_standart_thumb_spun1_0\">                      <span class=\"bwg_standart_thumb_spun2_0\">                                                <img class=\"bwg_standart_thumb_img_0 bwg_img_clear bwg_img_custom\" style=\"width:376.41509433962px; height:266px; margin-left: -55.207547169811px; margin-top: 0px;\" id=\"154\" src=\"https:\/\/old.ecoplast.md\/wp-content\/uploads\/photo-gallery\/Jaluzele\/thumb\/3dn.jpg\" alt=\"3dn\" \/>                      <\/span>                    <\/span>                                      <\/span>                <\/a>                                <a  class=\"bwg_lightbox_0\" href=\"https:\/\/old.ecoplast.md\/wp-content\/uploads\/photo-gallery\/Jaluzele\/2dn.jpg\" data-image-id=\"153\">                  <span class=\"bwg_standart_thumb_0\">                                        <span class=\"bwg_standart_thumb_spun1_0\">                      <span class=\"bwg_standart_thumb_spun2_0\">                                                <img class=\"bwg_standart_thumb_img_0 bwg_img_clear bwg_img_custom\" style=\"width:354.66666666667px; height:266px; margin-left: -44.333333333333px; margin-top: 0px;\" id=\"153\" src=\"https:\/\/old.ecoplast.md\/wp-content\/uploads\/photo-gallery\/Jaluzele\/thumb\/2dn.jpg\" alt=\"2dn\" \/>                      <\/span>                    <\/span>                                      <\/span>                <\/a>                                <a  class=\"bwg_lightbox_0\" href=\"https:\/\/old.ecoplast.md\/wp-content\/uploads\/photo-gallery\/Jaluzele\/1dn.jpg\" data-image-id=\"152\">                  <span class=\"bwg_standart_thumb_0\">                                        <span class=\"bwg_standart_thumb_spun1_0\">                      <span class=\"bwg_standart_thumb_spun2_0\">                                                <img class=\"bwg_standart_thumb_img_0 bwg_img_clear bwg_img_custom\" style=\"width:542.85714285714px; height:266px; margin-left: -138.42857142857px; margin-top: 0px;\" id=\"152\" src=\"https:\/\/old.ecoplast.md\/wp-content\/uploads\/photo-gallery\/Jaluzele\/thumb\/1dn.jpg\" alt=\"1dn\" \/>                      <\/span>                    <\/span>                                      <\/span>                <\/a>                            <\/div>                      <\/div>        <\/form>        <div id=\"bwg_spider_popup_loading_0\" class=\"bwg_spider_popup_loading\"><\/div>        <div id=\"spider_popup_overlay_0\" class=\"spider_popup_overlay\" onclick=\"spider_destroypopup(1000)\"><\/div>      <\/div>    <\/div>\t    <script>      function bwg_gallery_box_0(image_id) {        var filterTags = jQuery(\"#bwg_tags_id_bwg_standart_thumbnails_0\" ).val() ? jQuery(\"#bwg_tags_id_bwg_standart_thumbnails_0\" ).val() : 0;        var filtersearchname = jQuery(\"#bwg_search_input_0\" ).val() ? \"&filter_search_name_0=\" + jQuery(\"#bwg_search_input_0\" ).val() : '';        spider_createpopup('https:\/\/old.ecoplast.md\/wp-admin\/admin-ajax.php?action=GalleryBox&tags=0&current_view=0&gallery_id=15&theme_id=1&thumb_width=266&thumb_height=266&open_with_fullscreen=0&open_with_autoplay=1&image_width=800&image_height=500&image_effect=fade&wd_sor=order&wd_ord=asc&enable_image_filmstrip=1&image_filmstrip_height=70&enable_image_ctrl_btn=1&enable_image_fullscreen=0&popup_enable_info=0&popup_info_always_show=0&popup_info_full_width=0&popup_hit_counter=0&popup_enable_rate=0&slideshow_interval=3&enable_comment_social=1&enable_image_facebook=1&enable_image_twitter=1&enable_image_google=1&enable_image_pinterest=0&enable_image_tumblr=0&watermark_type=none&slideshow_effect_duration=1&image_id=' + image_id + \"&filter_tag_0=\" +  filterTags + filtersearchname, '0', '800', '500', 1, 'testpopup', 5, \"bottom\");      }      function bwg_document_ready_0() {        var bwg_touch_flag = false;        jQuery(\".bwg_lightbox_0\").on(\"click\", function () {          if (!bwg_touch_flag) {            bwg_touch_flag = true;            setTimeout(function(){ bwg_touch_flag = false; }, 100);            bwg_gallery_box_0(jQuery(this).attr(\"data-image-id\"));            return false;          }        });               }      jQuery(document).ready(function () {        bwg_document_ready_0();      });    <\/script>    \r\n<p>Jaluzelele Zi&#038;Noapte sunt una din cele mai recente inova\u021bii de pe pia\u021ba sistemelor de protec\u021bie solar\u0103. Acestea reprezint\u0103 jaluzele rollo dintr-o p\u00eenz\u0103 special\u0103, care const\u0103 din r\u00eenduriea mai multor benzi: una transparent\u0103 \u0219i una opac\u0103, form\u00eend un val dublu de p\u00eenza. Mi\u0219c\u00eendu-se pe val, acestea se suprapun total \u2013 form\u00eend \u00eentuneric \u00een \u00eenc\u0103pere; sau par\u021bial \u2013 permi\u021b\u00eend luminii solare s\u0103 p\u0103trund\u0103. \u00cen a\u0219a mod pute\u021bi regla desinest\u0103t\u0103tor gradul de iluminare a \u00eenc\u0103perii: Zi total\u0103, Noapte total\u0103, sau iluminare par\u021bial\u0103.<\/p>\r\n<p>Un avantaj important \u00eel constituie faptul c\u0103 jaluzele Zi&#038;Noapte nu necesit\u0103 \u00eengrijire special\u0103 \u0219i sofisticat\u0103. P\u00eenzele au propriet\u0103\u021bi antistatice \u0219i anti-praf, de aceea pentru a le cur\u0103\u021ba este suficient o simpl\u0103 cur\u0103\u021bare cu perie uscat\u0103. Petele rezistente se scot u\u0219or cu ajutorul unui burete umede, f\u0103r\u0103 a fi nevoie de demontat jaluzelele.<\/p>\r\n<p>Moderne \u0219i elegante, jaluzelele Zi&#038;Noapte confer\u0103 o atmosfer\u0103 deosebit de cald\u0103 \u0219i confortabil\u0103. Pute\u021bi regla gradul de luminozitate \u00een camer\u0103, precum \u0219i efectele acesteia, \u00een func\u021bie de dorin\u021bele \u0219i necesit\u0103\u021bile Dvs.<\/p>\r\n<p>V\u0103 oferim o gam\u0103 larg\u0103 de culori, din care s\u0103 v\u0103 alege\u021bi modelul dorit, acestea satisfac\u00eend \u0219i cele mai originale \u0219i preten\u021bioase gusturi \u0219i stiluri.<\/p>","protected":false},"excerpt":{"rendered":"Jaluzelele Zi&#038;Noapte sunt una din cele mai recente inova\u021bii de pe pia\u021ba sistemelor de protec\u021bie solar\u0103. Acestea reprezint\u0103 jaluzele rollo dintr-o p\u00eenz\u0103 special\u0103, care const\u0103 din r\u00eenduriea mai multor benzi: una transparent\u0103 \u0219i una opac\u0103, form\u00eend un val dublu de p\u00eenza. Mi\u0219c\u00eendu-se pe val, acestea se suprapun total \u2013 form\u00eend \u00eentuneric \u00een \u00eenc\u0103pere; sau par\u021bial [&hellip;]","protected":false},"author":1,"featured_media":0,"parent":0,"menu_order":0,"comment_status":"closed","ping_status":"closed","template":"","meta":[],"translation":{"provider":"WPGlobus","version":"2.8.11","language":"ro","enabled_languages":["ru","ro","en"],"languages":{"ru":{"title":true,"content":true,"excerpt":false},"ro":{"title":true,"content":true,"excerpt":false},"en":{"title":true,"content":true,"excerpt":false}}},"yoast_head":"<!-- This site is optimized with the Yoast SEO plugin v18.6 - https:\/\/yoast.com\/wordpress\/plugins\/seo\/ -->\n<title>Jaluzele Zi Noapte | EcoPlast<\/title>\n<meta name=\"robots\" content=\"index, follow, max-snippet:-1, max-image-preview:large, max-video-preview:-1\" \/>\n<link rel=\"canonical\" href=\"https:\/\/old.ecoplast.md\/ro\/rulonnye-shtory-den-noch\/\" \/>\n<meta property=\"og:locale\" content=\"ro_RO\" \/>\n<meta property=\"og:type\" content=\"article\" \/>\n<meta property=\"og:title\" content=\"Jaluzele Zi Noapte | EcoPlast\" \/>\n<meta property=\"og:url\" content=\"https:\/\/old.ecoplast.md\/ro\/rulonnye-shtory-den-noch\/\" \/>\n<meta property=\"og:site_name\" content=\"EcoPlast\" \/>\n<meta property=\"article:modified_time\" content=\"2021-01-25T23:17:13+00:00\" \/>\n<meta name=\"twitter:card\" content=\"summary\" \/>\n<meta name=\"twitter:label1\" content=\"Est. reading time\" \/>\n\t<meta name=\"twitter:data1\" content=\"2 minutes\" \/>\n<script type=\"application\/ld+json\" class=\"yoast-schema-graph\">{\"@context\":\"https:\/\/schema.org\",\"@graph\":[{\"@type\":\"WebSite\",\"@id\":\"https:\/\/old.ecoplast.md\/#website\",\"url\":\"https:\/\/old.ecoplast.md\/\",\"name\":\"EcoPlast\",\"description\":\"Ferestre din PVC de calitate inalta si usi la cele mai mici preturi\",\"potentialAction\":[{\"@type\":\"SearchAction\",\"target\":{\"@type\":\"EntryPoint\",\"urlTemplate\":\"https:\/\/old.ecoplast.md\/?s={search_term_string}\"},\"query-input\":\"required name=search_term_string\"}],\"inLanguage\":\"ro-RO\"},{\"@type\":\"WebPage\",\"@id\":\"https:\/\/old.ecoplast.md\/ro\/rulonnye-shtory-den-noch\/#webpage\",\"url\":\"https:\/\/old.ecoplast.md\/ro\/rulonnye-shtory-den-noch\/\",\"name\":\"Jaluzele Zi Noapte | EcoPlast\",\"isPartOf\":{\"@id\":\"https:\/\/old.ecoplast.md\/#website\"},\"datePublished\":\"2016-08-03T08:36:51+00:00\",\"dateModified\":\"2021-01-25T23:17:13+00:00\",\"breadcrumb\":{\"@id\":\"https:\/\/old.ecoplast.md\/ro\/rulonnye-shtory-den-noch\/#breadcrumb\"},\"inLanguage\":\"ro-RO\",\"potentialAction\":[{\"@type\":\"ReadAction\",\"target\":[\"https:\/\/old.ecoplast.md\/ro\/rulonnye-shtory-den-noch\/\"]}]},{\"@type\":\"BreadcrumbList\",\"@id\":\"https:\/\/old.ecoplast.md\/ro\/rulonnye-shtory-den-noch\/#breadcrumb\",\"itemListElement\":[{\"@type\":\"ListItem\",\"position\":1,\"name\":\"Jaluzele Zi Noapte\"}]}]}<\/script>\n<!-- \/ Yoast SEO plugin. -->","yoast_head_json":{"title":"Jaluzele Zi Noapte | EcoPlast","robots":{"index":"index","follow":"follow","max-snippet":"max-snippet:-1","max-image-preview":"max-image-preview:large","max-video-preview":"max-video-preview:-1"},"canonical":"https:\/\/old.ecoplast.md\/ro\/rulonnye-shtory-den-noch\/","og_locale":"ro_RO","og_type":"article","og_title":"Jaluzele Zi Noapte | EcoPlast","og_url":"https:\/\/old.ecoplast.md\/ro\/rulonnye-shtory-den-noch\/","og_site_name":"EcoPlast","article_modified_time":"2021-01-25T23:17:13+00:00","twitter_card":"summary","twitter_misc":{"Est. reading time":"2 minutes"},"schema":{"@context":"https:\/\/schema.org","@graph":[{"@type":"WebSite","@id":"https:\/\/old.ecoplast.md\/#website","url":"https:\/\/old.ecoplast.md\/","name":"EcoPlast","description":"Ferestre din PVC de calitate inalta si usi la cele mai mici preturi","potentialAction":[{"@type":"SearchAction","target":{"@type":"EntryPoint","urlTemplate":"https:\/\/old.ecoplast.md\/?s={search_term_string}"},"query-input":"required name=search_term_string"}],"inLanguage":"ro-RO"},{"@type":"WebPage","@id":"https:\/\/old.ecoplast.md\/ro\/rulonnye-shtory-den-noch\/#webpage","url":"https:\/\/old.ecoplast.md\/ro\/rulonnye-shtory-den-noch\/","name":"Jaluzele Zi Noapte | EcoPlast","isPartOf":{"@id":"https:\/\/old.ecoplast.md\/#website"},"datePublished":"2016-08-03T08:36:51+00:00","dateModified":"2021-01-25T23:17:13+00:00","breadcrumb":{"@id":"https:\/\/old.ecoplast.md\/ro\/rulonnye-shtory-den-noch\/#breadcrumb"},"inLanguage":"ro-RO","potentialAction":[{"@type":"ReadAction","target":["https:\/\/old.ecoplast.md\/ro\/rulonnye-shtory-den-noch\/"]}]},{"@type":"BreadcrumbList","@id":"https:\/\/old.ecoplast.md\/ro\/rulonnye-shtory-den-noch\/#breadcrumb","itemListElement":[{"@type":"ListItem","position":1,"name":"Jaluzele Zi Noapte"}]}]}},"_links":{"self":[{"href":"https:\/\/old.ecoplast.md\/ro\/wp-json\/wp\/v2\/pages\/208"}],"collection":[{"href":"https:\/\/old.ecoplast.md\/ro\/wp-json\/wp\/v2\/pages"}],"about":[{"href":"https:\/\/old.ecoplast.md\/ro\/wp-json\/wp\/v2\/types\/page"}],"author":[{"embeddable":true,"href":"https:\/\/old.ecoplast.md\/ro\/wp-json\/wp\/v2\/users\/1"}],"replies":[{"embeddable":true,"href":"https:\/\/old.ecoplast.md\/ro\/wp-json\/wp\/v2\/comments?post=208"}],"version-history":[{"count":4,"href":"https:\/\/old.ecoplast.md\/ro\/wp-json\/wp\/v2\/pages\/208\/revisions"}],"predecessor-version":[{"id":546,"href":"https:\/\/old.ecoplast.md\/ro\/wp-json\/wp\/v2\/pages\/208\/revisions\/546"}],"wp:attachment":[{"href":"https:\/\/old.ecoplast.md\/ro\/wp-json\/wp\/v2\/media?parent=208"}],"curies":[{"name":"wp","href":"https:\/\/api.w.org\/{rel}","templated":true}]}}