{"id":451,"date":"2020-05-12T17:52:00","date_gmt":"2020-05-12T14:52:00","guid":{"rendered":"https:\/\/old.ecoplast.md\/?page_id=451"},"modified":"2021-01-25T14:52:28","modified_gmt":"2021-01-25T11:52:28","slug":"pervazuri-plastolit","status":"publish","type":"page","link":"https:\/\/old.ecoplast.md\/ro\/pervazuri-plastolit\/","title":{"rendered":"Pervazuri \u00abPlastolit\u00bb"},"content":{"rendered":"<p><img src=\"\/wp-content\/uploads\/2020\/05\/plastolit.png\" alt=\"\" style=\"width:140px;margin-right:10px;float:left;border:1px solid #ccc\" \/>Compania Plastolit produce pervazuri ultramoderne, ultraputernice, care devin un adev\u0103rat salvator de via\u021b\u0103 atunci c\u00e2nd este necesar\u0103 dotarea corespunz\u0103toare \u0219i confortabil\u0103 a unei \u00eenc\u0103peri. Av\u00e2nd \u00een vedere dimensiunea \u0219i forma, pervazul de la fereastr\u0103 Plastolit se poate concentra pe forma neobi\u0219nuit\u0103 a deschiderii ferestrei sau se poate inversa &#8211; \u00eembina \u00eempreun\u0103 cu spa\u021biul apropiat de fereastr\u0103. Av\u00e2nd \u00een vedere fezabilitatea utiliz\u0103rii pervazului acestui produc\u0103tor \u00een diverse \u00eenc\u0103peri, trebuie men\u021bionat faptul c\u0103 \u00een buc\u0103t\u0103rie sunt adesea combinate cu un blat. \u00cen dormitor pute\u021bi echipa un loc confortabil pentru a v\u0103 relaxa folosind un produs mai larg. \u00cen camera copiilor, Plastolit va ajuta la economisirea de spa\u021biu &#8211; acest pervaz se poate folosi ca mas\u0103 de lucru.<\/p>\r\n<br>\r\n<style>    #bwg_container1_0 #bwg_container2_0 .bwg_standart_thumbnails_0 * {        -moz-box-sizing: border-box;        box-sizing: border-box;      }      #bwg_container1_0 #bwg_container2_0 .bwg_standart_thumb_spun1_0 {        -moz-box-sizing: content-box;        box-sizing: content-box;        background-color: #FFFFFF;        display: inline-block;        height: 220px;        margin: 4px;        padding: 0px;        opacity: 1.00;        filter: Alpha(opacity=100);        text-align: center;        vertical-align: middle;        transition: all 0.3s ease 0s;-webkit-transition: all 0.3s ease 0s;        width: 220px;        z-index: 100;      }      #bwg_container1_0 #bwg_container2_0 .bwg_standart_thumb_spun1_0:hover {        -ms-transform: scale(1.1);        -webkit-transform: scale(1.1);        backface-visibility: hidden;        -webkit-backface-visibility: hidden;        -moz-backface-visibility: hidden;        -ms-backface-visibility: hidden;        opacity: 1;        filter: Alpha(opacity=100);        transform: scale(1.1);        z-index: 102;        position: relative;      }      #bwg_container1_0 #bwg_container2_0 .bwg_standart_thumb_spun2_0 {        border: 0px none #CCCCCC;        border-radius: 0;        box-shadow: 0px 0px 0px #888888;        display: inline-block;        height: 220px;        overflow: hidden;        width: 220px;      }      #bwg_container1_0 #bwg_container2_0 .bwg_standart_thumbnails_0 {        background-color: rgba(255, 255, 255, 0.00);        display: inline-block;        font-size: 0;        max-width: 1160px;        text-align: center;      }      #bwg_container1_0 #bwg_container2_0 .bwg_standart_thumb_0 {        display: inline-block;        text-align: center;      }            #bwg_container1_0 #bwg_container2_0 .bwg_standart_thumb_spun1_0:hover .bwg_title_spun1_0 {        left: 0px;        top: 0px;        opacity: 1;        filter: Alpha(opacity=100);      }      #bwg_container1_0 #bwg_container2_0 .bwg_title_spun2_0 {        color: #CCCCCC;        display: table-cell;        font-family: segoe ui;        font-size: 16px;        font-weight: bold;        height: inherit;        padding: 2px;        text-shadow: 0px 0px 0px #888888;        vertical-align: middle;        width: inherit;        word-wrap: break-word;      }      \/*pagination styles*\/      #bwg_container1_0 #bwg_container2_0 .tablenav-pages_0 {        text-align: center;        font-size: 12px;        font-family: segoe ui;        font-weight: bold;        color: #666666;        margin: 6px 0 4px;        display: block;        height: 30px;        line-height: 30px;      }      @media only screen and (max-width : 320px) {        #bwg_container1_0 #bwg_container2_0 .displaying-num_0 {          display: none;        }      }      #bwg_container1_0 #bwg_container2_0 .displaying-num_0 {        font-size: 12px;        font-family: segoe ui;        font-weight: bold;        color: #666666;        margin-right: 10px;        vertical-align: middle;      }      #bwg_container1_0 #bwg_container2_0 .paging-input_0 {        font-size: 12px;        font-family: segoe ui;        font-weight: bold;        color: #666666;        vertical-align: middle;      }      #bwg_container1_0 #bwg_container2_0 .tablenav-pages_0 a.disabled,      #bwg_container1_0 #bwg_container2_0 .tablenav-pages_0 a.disabled:hover,      #bwg_container1_0 #bwg_container2_0 .tablenav-pages_0 a.disabled:focus {        cursor: default;        color: rgba(102, 102, 102, 0.5);      }      #bwg_container1_0 #bwg_container2_0 .tablenav-pages_0 a {        cursor: pointer;        font-size: 12px;      font-family: segoe ui;        font-weight: bold;        color: #666666;        text-decoration: none;        padding: 3px 6px;        margin: 0;        border-radius: 0;        border-style: solid;        border-width: 1px;        border-color: #E3E3E3;        background-color: #FFFFFF;        opacity: 1.00;        filter: Alpha(opacity=100);        box-shadow: 0;        transition: all 0.3s ease 0s;-webkit-transition: all 0.3s ease 0s;      }      #bwg_container1_0 #bwg_container2_0 .bwg_back_0 {        background-color: rgba(0, 0, 0, 0);        color: #000000 !important;        cursor: pointer;        display: block;      font-family: segoe ui;        font-size: 16px;        font-weight: bold;        text-decoration: none;        padding: 0;      }      #bwg_container1_0 #bwg_container2_0 #spider_popup_overlay_0 {        background-color: #000000;        opacity: 0.70;        filter: Alpha(opacity=70);      }     .bwg_play_icon_spun_0 {        width: inherit;        height: inherit;        display: table;        position: absolute;      }\t      .bwg_play_icon_0 {        color: #CCCCCC;        font-size: 32px;        vertical-align: middle;        display: table-cell !important;        z-index: 1;        text-align: center;        margin: 0 auto;      }      #bwg_container1_0 #bwg_container2_0 .bwg_gal_title_0 {      background-color: rgba(0, 0, 0, 0);      color: #CCCCCC;      display: block;      font-family: segoe ui;      font-size: 16px;      font-weight: bold;      padding: 2px;      text-shadow: 0px 0px 0px #888888;      text-align: center;    }    <\/style>    <div id=\"bwg_container1_0\">      <div id=\"bwg_container2_0\">        <form id=\"gal_front_form_0\" method=\"post\" action=\"#\" data-current=\"0\">                    <div style=\"background-color:rgba(0, 0, 0, 0); text-align: center; width:100%; position: relative;\">            <div id=\"ajax_loading_0\" style=\"position:absolute;width: 100%; z-index: 115; text-align: center; height: 100%; vertical-align: middle; display:none;\">              <div style=\"display: table; vertical-align: middle; width: 100%; height: 100%; background-color: #FFFFFF; opacity: 0.7; filter: Alpha(opacity=70);\">                <div style=\"display: table-cell; text-align: center; position: relative; vertical-align: middle;\" >                  <div id=\"loading_div_0\" class=\"bwg_spider_ajax_loading\" style=\"display: inline-block; text-align:center; position:relative; vertical-align:middle; background-image:url(https:\/\/old.ecoplast.md\/wp-content\/plugins\/photo-gallery\/images\/ajax_loader.gif); float: none; width:30px;height:30px;background-size:30px 30px;\">                  <\/div>                <\/div>              <\/div>            <\/div>                        <div id=\"bwg_standart_thumbnails_0\" class=\"bwg_standart_thumbnails_0\">                              <a  class=\"bwg_lightbox_0\" href=\"https:\/\/old.ecoplast.md\/wp-content\/uploads\/photo-gallery\/Padacolinok\/Plastolit\/ecoplast_10.jpg\" data-image-id=\"390\">                  <span class=\"bwg_standart_thumb_0\">                                        <span class=\"bwg_standart_thumb_spun1_0\">                      <span class=\"bwg_standart_thumb_spun2_0\">                                                <img class=\"bwg_standart_thumb_img_0 bwg_img_clear bwg_img_custom\" style=\"width:293.33333333333px; height:220px; margin-left: -36.666666666667px; margin-top: 0px;\" id=\"390\" src=\"https:\/\/old.ecoplast.md\/wp-content\/uploads\/photo-gallery\/Padacolinok\/Plastolit\/thumb\/ecoplast_10.jpg\" alt=\"ecoplast 10\" \/>                      <\/span>                    <\/span>                                      <\/span>                <\/a>                                <a  class=\"bwg_lightbox_0\" href=\"https:\/\/old.ecoplast.md\/wp-content\/uploads\/photo-gallery\/Padacolinok\/Plastolit\/plastolit_1.jpg\" data-image-id=\"395\">                  <span class=\"bwg_standart_thumb_0\">                                        <span class=\"bwg_standart_thumb_spun1_0\">                      <span class=\"bwg_standart_thumb_spun2_0\">                                                <img class=\"bwg_standart_thumb_img_0 bwg_img_clear bwg_img_custom\" style=\"width:220px; height:220px; margin-left: 1.4210854715202E-14px; margin-top: 1.4210854715202E-14px;\" id=\"395\" src=\"https:\/\/old.ecoplast.md\/wp-content\/uploads\/photo-gallery\/Padacolinok\/Plastolit\/thumb\/plastolit_1.jpg\" alt=\"plastolit 1\" \/>                      <\/span>                    <\/span>                                      <\/span>                <\/a>                                <a  class=\"bwg_lightbox_0\" href=\"https:\/\/old.ecoplast.md\/wp-content\/uploads\/photo-gallery\/Padacolinok\/Plastolit\/plastolit_2.jpg\" data-image-id=\"396\">                  <span class=\"bwg_standart_thumb_0\">                                        <span class=\"bwg_standart_thumb_spun1_0\">                      <span class=\"bwg_standart_thumb_spun2_0\">                                                <img class=\"bwg_standart_thumb_img_0 bwg_img_clear bwg_img_custom\" style=\"width:220px; height:220px; margin-left: 1.4210854715202E-14px; margin-top: 1.4210854715202E-14px;\" id=\"396\" src=\"https:\/\/old.ecoplast.md\/wp-content\/uploads\/photo-gallery\/Padacolinok\/Plastolit\/thumb\/plastolit_2.jpg\" alt=\"plastolit 2\" \/>                      <\/span>                    <\/span>                                      <\/span>                <\/a>                                <a  class=\"bwg_lightbox_0\" href=\"https:\/\/old.ecoplast.md\/wp-content\/uploads\/photo-gallery\/Padacolinok\/Plastolit\/plastolit_3.jpg\" data-image-id=\"391\">                  <span class=\"bwg_standart_thumb_0\">                                        <span class=\"bwg_standart_thumb_spun1_0\">                      <span class=\"bwg_standart_thumb_spun2_0\">                                                <img class=\"bwg_standart_thumb_img_0 bwg_img_clear bwg_img_custom\" style=\"width:220px; height:220px; margin-left: 1.4210854715202E-14px; margin-top: 1.4210854715202E-14px;\" id=\"391\" src=\"https:\/\/old.ecoplast.md\/wp-content\/uploads\/photo-gallery\/Padacolinok\/Plastolit\/thumb\/plastolit_3.jpg\" alt=\"plastolit 3\" \/>                      <\/span>                    <\/span>                                      <\/span>                <\/a>                                <a  class=\"bwg_lightbox_0\" href=\"https:\/\/old.ecoplast.md\/wp-content\/uploads\/photo-gallery\/Padacolinok\/Plastolit\/plastolit_4.jpg\" data-image-id=\"392\">                  <span class=\"bwg_standart_thumb_0\">                                        <span class=\"bwg_standart_thumb_spun1_0\">                      <span class=\"bwg_standart_thumb_spun2_0\">                                                <img class=\"bwg_standart_thumb_img_0 bwg_img_clear bwg_img_custom\" style=\"width:220px; height:220px; margin-left: 1.4210854715202E-14px; margin-top: 1.4210854715202E-14px;\" id=\"392\" src=\"https:\/\/old.ecoplast.md\/wp-content\/uploads\/photo-gallery\/Padacolinok\/Plastolit\/thumb\/plastolit_4.jpg\" alt=\"plastolit 4\" \/>                      <\/span>                    <\/span>                                      <\/span>                <\/a>                                <a  class=\"bwg_lightbox_0\" href=\"https:\/\/old.ecoplast.md\/wp-content\/uploads\/photo-gallery\/Padacolinok\/Plastolit\/plastolit_5.jpg\" data-image-id=\"393\">                  <span class=\"bwg_standart_thumb_0\">                                        <span class=\"bwg_standart_thumb_spun1_0\">                      <span class=\"bwg_standart_thumb_spun2_0\">                                                <img class=\"bwg_standart_thumb_img_0 bwg_img_clear bwg_img_custom\" style=\"width:220px; height:220px; margin-left: 1.4210854715202E-14px; margin-top: 1.4210854715202E-14px;\" id=\"393\" src=\"https:\/\/old.ecoplast.md\/wp-content\/uploads\/photo-gallery\/Padacolinok\/Plastolit\/thumb\/plastolit_5.jpg\" alt=\"plastolit 5\" \/>                      <\/span>                    <\/span>                                      <\/span>                <\/a>                                <a  class=\"bwg_lightbox_0\" href=\"https:\/\/old.ecoplast.md\/wp-content\/uploads\/photo-gallery\/Padacolinok\/Plastolit\/plastolit_6.jpg\" data-image-id=\"394\">                  <span class=\"bwg_standart_thumb_0\">                                        <span class=\"bwg_standart_thumb_spun1_0\">                      <span class=\"bwg_standart_thumb_spun2_0\">                                                <img class=\"bwg_standart_thumb_img_0 bwg_img_clear bwg_img_custom\" style=\"width:220px; height:220px; margin-left: 1.4210854715202E-14px; margin-top: 1.4210854715202E-14px;\" id=\"394\" src=\"https:\/\/old.ecoplast.md\/wp-content\/uploads\/photo-gallery\/Padacolinok\/Plastolit\/thumb\/plastolit_6.jpg\" alt=\"plastolit 6\" \/>                      <\/span>                    <\/span>                                      <\/span>                <\/a>                            <\/div>                      <\/div>        <\/form>        <div id=\"bwg_spider_popup_loading_0\" class=\"bwg_spider_popup_loading\"><\/div>        <div id=\"spider_popup_overlay_0\" class=\"spider_popup_overlay\" onclick=\"spider_destroypopup(1000)\"><\/div>      <\/div>    <\/div>\t    <script>      function bwg_gallery_box_0(image_id) {        var filterTags = jQuery(\"#bwg_tags_id_bwg_standart_thumbnails_0\" ).val() ? jQuery(\"#bwg_tags_id_bwg_standart_thumbnails_0\" ).val() : 0;        var filtersearchname = jQuery(\"#bwg_search_input_0\" ).val() ? \"&filter_search_name_0=\" + jQuery(\"#bwg_search_input_0\" ).val() : '';        spider_createpopup('https:\/\/old.ecoplast.md\/wp-admin\/admin-ajax.php?action=GalleryBox&tags=0&current_view=0&gallery_id=24&theme_id=1&thumb_width=220&thumb_height=220&open_with_fullscreen=0&open_with_autoplay=1&image_width=800&image_height=500&image_effect=fade&wd_sor=order&wd_ord=asc&enable_image_filmstrip=1&image_filmstrip_height=70&enable_image_ctrl_btn=1&enable_image_fullscreen=1&popup_enable_info=0&popup_info_always_show=0&popup_info_full_width=0&popup_hit_counter=0&popup_enable_rate=0&slideshow_interval=4&enable_comment_social=1&enable_image_facebook=1&enable_image_twitter=1&enable_image_google=1&enable_image_pinterest=0&enable_image_tumblr=0&watermark_type=none&slideshow_effect_duration=1&image_id=' + image_id + \"&filter_tag_0=\" +  filterTags + filtersearchname, '0', '800', '500', 1, 'testpopup', 5, \"bottom\");      }      function bwg_document_ready_0() {        var bwg_touch_flag = false;        jQuery(\".bwg_lightbox_0\").on(\"click\", function () {          if (!bwg_touch_flag) {            bwg_touch_flag = true;            setTimeout(function(){ bwg_touch_flag = false; }, 100);            bwg_gallery_box_0(jQuery(this).attr(\"data-image-id\"));            return false;          }        });               }      jQuery(document).ready(function () {        bwg_document_ready_0();      });    <\/script>    ","protected":false},"excerpt":{"rendered":"Compania Plastolit produce pervazuri ultramoderne, ultraputernice, care devin un adev\u0103rat salvator de via\u021b\u0103 atunci c\u00e2nd este necesar\u0103 dotarea corespunz\u0103toare \u0219i confortabil\u0103 a unei \u00eenc\u0103peri. Av\u00e2nd \u00een vedere dimensiunea \u0219i forma, pervazul de la fereastr\u0103 Plastolit se poate concentra pe forma neobi\u0219nuit\u0103 a deschiderii ferestrei sau se poate inversa &#8211; \u00eembina \u00eempreun\u0103 cu spa\u021biul apropiat de [&hellip;]","protected":false},"author":1,"featured_media":0,"parent":0,"menu_order":0,"comment_status":"closed","ping_status":"closed","template":"","meta":[],"translation":{"provider":"WPGlobus","version":"2.8.11","language":"ro","enabled_languages":["ru","ro","en"],"languages":{"ru":{"title":true,"content":true,"excerpt":false},"ro":{"title":true,"content":true,"excerpt":false},"en":{"title":true,"content":true,"excerpt":false}}},"yoast_head":"<!-- This site is optimized with the Yoast SEO plugin v18.6 - https:\/\/yoast.com\/wordpress\/plugins\/seo\/ -->\n<title>Pervazuri \u00abPlastolit\u00bb | EcoPlast<\/title>\n<meta name=\"robots\" content=\"index, follow, max-snippet:-1, max-image-preview:large, max-video-preview:-1\" \/>\n<link rel=\"canonical\" href=\"https:\/\/old.ecoplast.md\/ro\/pervazuri-plastolit\/\" \/>\n<meta property=\"og:locale\" content=\"ro_RO\" \/>\n<meta property=\"og:type\" content=\"article\" \/>\n<meta property=\"og:title\" content=\"Pervazuri \u00abPlastolit\u00bb | EcoPlast\" \/>\n<meta property=\"og:url\" content=\"https:\/\/old.ecoplast.md\/ro\/pervazuri-plastolit\/\" \/>\n<meta property=\"og:site_name\" content=\"EcoPlast\" \/>\n<meta property=\"article:modified_time\" content=\"2021-01-25T11:52:28+00:00\" \/>\n<meta name=\"twitter:card\" content=\"summary\" \/>\n<meta name=\"twitter:label1\" content=\"Est. reading time\" \/>\n\t<meta name=\"twitter:data1\" content=\"1 minute\" \/>\n<script type=\"application\/ld+json\" class=\"yoast-schema-graph\">{\"@context\":\"https:\/\/schema.org\",\"@graph\":[{\"@type\":\"WebSite\",\"@id\":\"https:\/\/old.ecoplast.md\/#website\",\"url\":\"https:\/\/old.ecoplast.md\/\",\"name\":\"EcoPlast\",\"description\":\"Ferestre din PVC de calitate inalta si usi la cele mai mici preturi\",\"potentialAction\":[{\"@type\":\"SearchAction\",\"target\":{\"@type\":\"EntryPoint\",\"urlTemplate\":\"https:\/\/old.ecoplast.md\/?s={search_term_string}\"},\"query-input\":\"required name=search_term_string\"}],\"inLanguage\":\"ro-RO\"},{\"@type\":\"WebPage\",\"@id\":\"https:\/\/old.ecoplast.md\/ro\/pervazuri-plastolit\/#webpage\",\"url\":\"https:\/\/old.ecoplast.md\/ro\/pervazuri-plastolit\/\",\"name\":\"Pervazuri \u00abPlastolit\u00bb | EcoPlast\",\"isPartOf\":{\"@id\":\"https:\/\/old.ecoplast.md\/#website\"},\"datePublished\":\"2020-05-12T14:52:00+00:00\",\"dateModified\":\"2021-01-25T11:52:28+00:00\",\"breadcrumb\":{\"@id\":\"https:\/\/old.ecoplast.md\/ro\/pervazuri-plastolit\/#breadcrumb\"},\"inLanguage\":\"ro-RO\",\"potentialAction\":[{\"@type\":\"ReadAction\",\"target\":[\"https:\/\/old.ecoplast.md\/ro\/pervazuri-plastolit\/\"]}]},{\"@type\":\"BreadcrumbList\",\"@id\":\"https:\/\/old.ecoplast.md\/ro\/pervazuri-plastolit\/#breadcrumb\",\"itemListElement\":[{\"@type\":\"ListItem\",\"position\":1,\"name\":\"Pervazuri \u00abPlastolit\u00bb\"}]}]}<\/script>\n<!-- \/ Yoast SEO plugin. -->","yoast_head_json":{"title":"Pervazuri \u00abPlastolit\u00bb | EcoPlast","robots":{"index":"index","follow":"follow","max-snippet":"max-snippet:-1","max-image-preview":"max-image-preview:large","max-video-preview":"max-video-preview:-1"},"canonical":"https:\/\/old.ecoplast.md\/ro\/pervazuri-plastolit\/","og_locale":"ro_RO","og_type":"article","og_title":"Pervazuri \u00abPlastolit\u00bb | EcoPlast","og_url":"https:\/\/old.ecoplast.md\/ro\/pervazuri-plastolit\/","og_site_name":"EcoPlast","article_modified_time":"2021-01-25T11:52:28+00:00","twitter_card":"summary","twitter_misc":{"Est. reading time":"1 minute"},"schema":{"@context":"https:\/\/schema.org","@graph":[{"@type":"WebSite","@id":"https:\/\/old.ecoplast.md\/#website","url":"https:\/\/old.ecoplast.md\/","name":"EcoPlast","description":"Ferestre din PVC de calitate inalta si usi la cele mai mici preturi","potentialAction":[{"@type":"SearchAction","target":{"@type":"EntryPoint","urlTemplate":"https:\/\/old.ecoplast.md\/?s={search_term_string}"},"query-input":"required name=search_term_string"}],"inLanguage":"ro-RO"},{"@type":"WebPage","@id":"https:\/\/old.ecoplast.md\/ro\/pervazuri-plastolit\/#webpage","url":"https:\/\/old.ecoplast.md\/ro\/pervazuri-plastolit\/","name":"Pervazuri \u00abPlastolit\u00bb | EcoPlast","isPartOf":{"@id":"https:\/\/old.ecoplast.md\/#website"},"datePublished":"2020-05-12T14:52:00+00:00","dateModified":"2021-01-25T11:52:28+00:00","breadcrumb":{"@id":"https:\/\/old.ecoplast.md\/ro\/pervazuri-plastolit\/#breadcrumb"},"inLanguage":"ro-RO","potentialAction":[{"@type":"ReadAction","target":["https:\/\/old.ecoplast.md\/ro\/pervazuri-plastolit\/"]}]},{"@type":"BreadcrumbList","@id":"https:\/\/old.ecoplast.md\/ro\/pervazuri-plastolit\/#breadcrumb","itemListElement":[{"@type":"ListItem","position":1,"name":"Pervazuri \u00abPlastolit\u00bb"}]}]}},"_links":{"self":[{"href":"https:\/\/old.ecoplast.md\/ro\/wp-json\/wp\/v2\/pages\/451"}],"collection":[{"href":"https:\/\/old.ecoplast.md\/ro\/wp-json\/wp\/v2\/pages"}],"about":[{"href":"https:\/\/old.ecoplast.md\/ro\/wp-json\/wp\/v2\/types\/page"}],"author":[{"embeddable":true,"href":"https:\/\/old.ecoplast.md\/ro\/wp-json\/wp\/v2\/users\/1"}],"replies":[{"embeddable":true,"href":"https:\/\/old.ecoplast.md\/ro\/wp-json\/wp\/v2\/comments?post=451"}],"version-history":[{"count":6,"href":"https:\/\/old.ecoplast.md\/ro\/wp-json\/wp\/v2\/pages\/451\/revisions"}],"predecessor-version":[{"id":519,"href":"https:\/\/old.ecoplast.md\/ro\/wp-json\/wp\/v2\/pages\/451\/revisions\/519"}],"wp:attachment":[{"href":"https:\/\/old.ecoplast.md\/ro\/wp-json\/wp\/v2\/media?parent=451"}],"curies":[{"name":"wp","href":"https:\/\/api.w.org\/{rel}","templated":true}]}}