{"id":52,"date":"2016-07-25T16:37:23","date_gmt":"2016-07-25T13:37:23","guid":{"rendered":"https:\/\/old.ecoplast.md\/?page_id=52"},"modified":"2021-01-26T01:39:23","modified_gmt":"2021-01-25T22:39:23","slug":"jaluzele","status":"publish","type":"page","link":"https:\/\/old.ecoplast.md\/ro\/jaluzele\/","title":{"rendered":"Jaluzele, rulouri"},"content":{"rendered":"<p>Firma Ecoplast mai produce jaluzele \/ rulouri interioare si exterioare, pentru ferestre si usi, va oferi un plus de confort, intimitate si protectie. Jaluzele sunt niste dispozitive de reglare a intensitatii luminoase, construite din placi verticale si orizontale, numite lamelelor. Lamelele pot fi stationare sau se rotesc in jurul axei sale pentru a regla debitul de aer si lumina.<\/p>\r\n<p>Primul care a inventat jaluzele este dizainerul englez John Webster in 1760 aflindu-se in Philadelphia. De la inceput au fost inventate jaluzele orizontale din lemn, dar cu trecerea anilor au deveni tot mai creative, modele noi &#8211; facute din diferite materiale si cu un design mai original. Companiea noastra va propune o gama larga de asortimente la preturi accesibele. Avem lamelele de diverse culori: alb, maro, argintiu, stejar mediu, stejar auriu si nuc.<\/p>\r\n<h2>Tipurile de jaluzele produse:<\/h2>\r\n<ul>\r\n<li>Jaluzele verticale face parte din accesuarul modern a geamului. In mare parte sunt utilizate \u00een scopuri casnice, precum \u0219i \u00een birourile marilor companii \u0219i \u00een s\u0103lile institu\u021bii publice etc. \u00cen func\u021bie de stilul de design al camerei \u0219i caracteristicile preferate, pute\u021bi cump\u0103ra sau comanda jaluzele verticale pe ferestre, ce se fabrica din plastic, aluminiu, fibre \u021besute \u0219i \u021bes\u0103turi de compozi\u021bie diferit\u0103, textura, culoare.<\/li>\r\n<li>Jaluzele venetiene (orizontale) format\u0103 din benzi amplasate una deasupra celeilalte. Intre aceste benzi sunt intinse cordoane. Datorita cordoanelor toate bezile odata se rotesc simultan. Astfel de jaluzele sunt montate pe perete sau tavan cu ajutorul inelelor prin care sunt intinse cordoanele. L\u0103\u021bimea benzilor variaz\u0103 de la 2 la 5 cm. Jaluzele orizontale sunt rezistente la vinturile puternice. Se sp\u0103la usor cu o c\u00e2rp\u0103 sau perie moale, de asemenea se cur\u0103\u021ba cu un aspirator cu o doz\u0103 mic\u0103. Jaluzele orizontale sunt montate oriunde, ele sunt adesea folosite in loc de usa dintre camere.<\/li>\r\n<li>Jaluzele plisate sunt asa numite din cauza formei sale, care arat\u0103 ca o \u021bes\u0103tur\u0103 din cutele de pinza \u0219i cu dimensiuni variate. realizate din \u021bes\u0103turi translucide sau \u021besaturi ce nu permit trecerea luminii (black out). jaluzele plisate sunt cea mai bun\u0103 alternativ\u0103 pentru ferestele ne standarte de tip arc, trapezoidal sau un cerc. De-a lungul timpului, au existat diferite modific\u0103ri de jaluzele plisate. De exemplu, blind-urile cu structur\u0103 &#8220;fagure de miere&#8221;, \u00een cazul \u00een care dou\u0103 straturi de pliuri lipite \u00eempreun\u0103. Datorita acestei constructie se reduce intrarea c\u0103lduri \u00een camer\u0103.<\/li>\r\n<li>Alte modele moderne. Exist\u0103 o mare gama de alte tipuri de jaluzele. Printre acestea se num\u0103r\u0103:<\/li>\r\n<ol>Jaluzele orizontale &#8211; cu lamele foarte \u00eenguste de 16 mm l\u0103\u021bime \u00een care mecanismul de blind-uri se ascund \u00eentr-o cutie;<\/ol>\r\n<ol>Jaluzele verticale cu imprimare foto- este de imprimare termic\u0103, care este aplicat\u0103 pe \u021bes\u0103tur\u0103 sub form\u0103 de modele, desene ornamentale, imagini, logo-uri, fotografii \u0219i orice alt\u0103 form\u0103 a unei figuri fantezie. Acesta este cel mai potrivit pentru tesatura de imprimare pe vertical\u0103, cu role, rulouri mini \u0219i casete;<\/ol>\r\n<ol>Jaluzele verticale &#8220;Breeze&#8221;- sunt simple \u0219i elegante \u00een acela\u0219i timp, precum \u0219i toate jaluzele verticale, a protejeaza camera de lumina direct\u0103 a soarelui, formate de fire \u00eempletite. Fiecare lamel\u0103 este format din aproximativ cincizeci de filamente localizate at\u00e2t \u00een serie unul cu cel\u0103lalt \u0219i suprapus\u0103;<\/ol>\r\n<ol>Rulouri &#8211; o alternativ\u0103 a perdelelor tradi\u021bionale, costind ieftin \u0219i deschizatura ferestei creativa;<\/ol>\r\n<ol>Mini rulouri &#8211; este analogul rulourilor standard doar \u00een form\u0103 miniatur\u0103, datorit\u0103 arborelui cu diametru redus pentru a conduce \u0219i console compacte, aceste produse pot fi montate pe perete, pe tavane.<\/ol>\r\n<\/ul>\r\n<p>Jaluzele orizontale, verticale, cu role, rulori interioare, exterioare, comand\u0103 cele mai moderne de la Companiea Ecoplast &#8211; se creaza calitativ \u0219i profesional se instaleaza, cu un design unic pe care il propuneti, adaptate la stilul de interior, m\u0103rimea ferestrei.<\/p>","protected":false},"excerpt":{"rendered":"Firma Ecoplast mai produce jaluzele \/ rulouri interioare si exterioare, pentru ferestre si usi, va oferi un plus de confort, intimitate si protectie. Jaluzele sunt niste dispozitive de reglare a intensitatii luminoase, construite din placi verticale si orizontale, numite lamelelor. Lamelele pot fi stationare sau se rotesc in jurul axei sale pentru a regla debitul [&hellip;]","protected":false},"author":1,"featured_media":0,"parent":0,"menu_order":0,"comment_status":"closed","ping_status":"closed","template":"","meta":[],"translation":{"provider":"WPGlobus","version":"2.8.11","language":"ro","enabled_languages":["ru","ro","en"],"languages":{"ru":{"title":true,"content":true,"excerpt":false},"ro":{"title":true,"content":true,"excerpt":false},"en":{"title":true,"content":true,"excerpt":false}}},"yoast_head":"<!-- This site is optimized with the Yoast SEO plugin v18.6 - https:\/\/yoast.com\/wordpress\/plugins\/seo\/ -->\n<title>Jaluzele, rulouri | EcoPlast<\/title>\n<meta name=\"robots\" content=\"index, follow, max-snippet:-1, max-image-preview:large, max-video-preview:-1\" \/>\n<link rel=\"canonical\" href=\"https:\/\/old.ecoplast.md\/jaluzele\/\" \/>\n<meta property=\"og:locale\" content=\"ro_RO\" \/>\n<meta property=\"og:type\" content=\"article\" \/>\n<meta property=\"og:title\" content=\"Jaluzele, rulouri | EcoPlast\" \/>\n<meta property=\"og:url\" content=\"https:\/\/old.ecoplast.md\/jaluzele\/\" \/>\n<meta property=\"og:site_name\" content=\"EcoPlast\" \/>\n<meta property=\"article:modified_time\" content=\"2021-01-25T22:39:23+00:00\" \/>\n<meta name=\"twitter:card\" content=\"summary\" \/>\n<meta name=\"twitter:label1\" content=\"Est. reading time\" \/>\n\t<meta name=\"twitter:data1\" content=\"6 minutes\" \/>\n<script type=\"application\/ld+json\" class=\"yoast-schema-graph\">{\"@context\":\"https:\/\/schema.org\",\"@graph\":[{\"@type\":\"WebSite\",\"@id\":\"https:\/\/old.ecoplast.md\/#website\",\"url\":\"https:\/\/old.ecoplast.md\/\",\"name\":\"EcoPlast\",\"description\":\"Ferestre din PVC de calitate inalta si usi la cele mai mici preturi\",\"potentialAction\":[{\"@type\":\"SearchAction\",\"target\":{\"@type\":\"EntryPoint\",\"urlTemplate\":\"https:\/\/old.ecoplast.md\/?s={search_term_string}\"},\"query-input\":\"required name=search_term_string\"}],\"inLanguage\":\"ro-RO\"},{\"@type\":\"WebPage\",\"@id\":\"https:\/\/old.ecoplast.md\/jaluzele\/#webpage\",\"url\":\"https:\/\/old.ecoplast.md\/jaluzele\/\",\"name\":\"Jaluzele, rulouri | EcoPlast\",\"isPartOf\":{\"@id\":\"https:\/\/old.ecoplast.md\/#website\"},\"datePublished\":\"2016-07-25T13:37:23+00:00\",\"dateModified\":\"2021-01-25T22:39:23+00:00\",\"breadcrumb\":{\"@id\":\"https:\/\/old.ecoplast.md\/jaluzele\/#breadcrumb\"},\"inLanguage\":\"ro-RO\",\"potentialAction\":[{\"@type\":\"ReadAction\",\"target\":[\"https:\/\/old.ecoplast.md\/jaluzele\/\"]}]},{\"@type\":\"BreadcrumbList\",\"@id\":\"https:\/\/old.ecoplast.md\/jaluzele\/#breadcrumb\",\"itemListElement\":[{\"@type\":\"ListItem\",\"position\":1,\"name\":\"\u0416\u0430\u043b\u044e\u0437\u0438, \u0440\u043e\u043b\u0435\u0442\u0435\"}]}]}<\/script>\n<!-- \/ Yoast SEO plugin. -->","yoast_head_json":{"title":"Jaluzele, rulouri | EcoPlast","robots":{"index":"index","follow":"follow","max-snippet":"max-snippet:-1","max-image-preview":"max-image-preview:large","max-video-preview":"max-video-preview:-1"},"canonical":"https:\/\/old.ecoplast.md\/jaluzele\/","og_locale":"ro_RO","og_type":"article","og_title":"Jaluzele, rulouri | EcoPlast","og_url":"https:\/\/old.ecoplast.md\/jaluzele\/","og_site_name":"EcoPlast","article_modified_time":"2021-01-25T22:39:23+00:00","twitter_card":"summary","twitter_misc":{"Est. reading time":"6 minutes"},"schema":{"@context":"https:\/\/schema.org","@graph":[{"@type":"WebSite","@id":"https:\/\/old.ecoplast.md\/#website","url":"https:\/\/old.ecoplast.md\/","name":"EcoPlast","description":"Ferestre din PVC de calitate inalta si usi la cele mai mici preturi","potentialAction":[{"@type":"SearchAction","target":{"@type":"EntryPoint","urlTemplate":"https:\/\/old.ecoplast.md\/?s={search_term_string}"},"query-input":"required name=search_term_string"}],"inLanguage":"ro-RO"},{"@type":"WebPage","@id":"https:\/\/old.ecoplast.md\/jaluzele\/#webpage","url":"https:\/\/old.ecoplast.md\/jaluzele\/","name":"Jaluzele, rulouri | EcoPlast","isPartOf":{"@id":"https:\/\/old.ecoplast.md\/#website"},"datePublished":"2016-07-25T13:37:23+00:00","dateModified":"2021-01-25T22:39:23+00:00","breadcrumb":{"@id":"https:\/\/old.ecoplast.md\/jaluzele\/#breadcrumb"},"inLanguage":"ro-RO","potentialAction":[{"@type":"ReadAction","target":["https:\/\/old.ecoplast.md\/jaluzele\/"]}]},{"@type":"BreadcrumbList","@id":"https:\/\/old.ecoplast.md\/jaluzele\/#breadcrumb","itemListElement":[{"@type":"ListItem","position":1,"name":"\u0416\u0430\u043b\u044e\u0437\u0438, \u0440\u043e\u043b\u0435\u0442\u0435"}]}]}},"_links":{"self":[{"href":"https:\/\/old.ecoplast.md\/ro\/wp-json\/wp\/v2\/pages\/52"}],"collection":[{"href":"https:\/\/old.ecoplast.md\/ro\/wp-json\/wp\/v2\/pages"}],"about":[{"href":"https:\/\/old.ecoplast.md\/ro\/wp-json\/wp\/v2\/types\/page"}],"author":[{"embeddable":true,"href":"https:\/\/old.ecoplast.md\/ro\/wp-json\/wp\/v2\/users\/1"}],"replies":[{"embeddable":true,"href":"https:\/\/old.ecoplast.md\/ro\/wp-json\/wp\/v2\/comments?post=52"}],"version-history":[{"count":5,"href":"https:\/\/old.ecoplast.md\/ro\/wp-json\/wp\/v2\/pages\/52\/revisions"}],"predecessor-version":[{"id":526,"href":"https:\/\/old.ecoplast.md\/ro\/wp-json\/wp\/v2\/pages\/52\/revisions\/526"}],"wp:attachment":[{"href":"https:\/\/old.ecoplast.md\/ro\/wp-json\/wp\/v2\/media?parent=52"}],"curies":[{"name":"wp","href":"https:\/\/api.w.org\/{rel}","templated":true}]}}