{"id":93,"date":"2016-07-25T23:26:16","date_gmt":"2016-07-25T20:26:16","guid":{"rendered":"https:\/\/old.ecoplast.md\/?page_id=93"},"modified":"2021-01-25T14:43:26","modified_gmt":"2021-01-25T11:43:26","slug":"design-ferestrelor","status":"publish","type":"page","link":"https:\/\/old.ecoplast.md\/ro\/design-ferestrelor\/","title":{"rendered":"Proiectantul ferestrelor"},"content":{"rendered":"<p>Acum, doar la site-ul nostru! Proiectantul ferestrelor &#8211; online!<\/p>\r\n<p>V\u0103 suger\u0103m s\u0103 realizeze abilit\u0103\u021bile dumneavoastr\u0103 de proiectare cu ajutorul proiectantul ferestrelor. Crea\u021bi-v\u0103 propriile ferestre!<\/p>\r\n<ul>\r\n<li>A\u0219tepta\u021bi pentru utilizare de 100% a proiectantului.<\/li>\r\n<li>Pentru a schimba punctul de vedere prin fereastra (&#8220;Exterior \/ Interior&#8221;), utiliza\u021bi butoanele din col\u021bul din dreapta sus al proiectantului.<\/li>\r\n<li>Pute\u021bi imprima lucrarea, f\u0103c\u00e2nd clic pe &#8220;Print&#8221;, \u00een col\u021bul din st\u00e2nga sus al proiectantului.<\/li>\r\n<\/ul>\r\n<object type=\"application\/x-shockwave-flash\" data=\"\/swf\/windows_constructor_md.swf\" width=\"800\" height=\"730\">\r\n<param name=\"quality\" value=\"high\">\r\n<param name=\"wmode\" value=\"transparent\">\r\n<\/object>","protected":false},"excerpt":{"rendered":"Acum, doar la site-ul nostru! Proiectantul ferestrelor &#8211; online! V\u0103 suger\u0103m s\u0103 realizeze abilit\u0103\u021bile dumneavoastr\u0103 de proiectare cu ajutorul proiectantul ferestrelor. Crea\u021bi-v\u0103 propriile ferestre! A\u0219tepta\u021bi pentru utilizare de 100% a proiectantului. Pentru a schimba punctul de vedere prin fereastra (&#8220;Exterior \/ Interior&#8221;), utiliza\u021bi butoanele din col\u021bul din dreapta sus al proiectantului. Pute\u021bi imprima lucrarea, f\u0103c\u00e2nd [&hellip;]","protected":false},"author":1,"featured_media":0,"parent":0,"menu_order":0,"comment_status":"closed","ping_status":"closed","template":"","meta":[],"translation":{"provider":"WPGlobus","version":"2.8.11","language":"ro","enabled_languages":["ru","ro","en"],"languages":{"ru":{"title":true,"content":true,"excerpt":false},"ro":{"title":true,"content":true,"excerpt":false},"en":{"title":true,"content":true,"excerpt":false}}},"yoast_head":"<!-- This site is optimized with the Yoast SEO plugin v18.6 - https:\/\/yoast.com\/wordpress\/plugins\/seo\/ -->\n<title>Proiectantul ferestrelor | EcoPlast<\/title>\n<meta name=\"robots\" content=\"index, follow, max-snippet:-1, max-image-preview:large, max-video-preview:-1\" \/>\n<link rel=\"canonical\" href=\"https:\/\/old.ecoplast.md\/en\/design-ferestrelor\/\" \/>\n<meta property=\"og:locale\" content=\"ro_RO\" \/>\n<meta property=\"og:type\" content=\"article\" \/>\n<meta property=\"og:title\" content=\"Proiectantul ferestrelor | EcoPlast\" \/>\n<meta property=\"og:url\" content=\"https:\/\/old.ecoplast.md\/en\/design-ferestrelor\/\" \/>\n<meta property=\"og:site_name\" content=\"EcoPlast\" \/>\n<meta property=\"article:modified_time\" content=\"2021-01-25T11:43:26+00:00\" \/>\n<meta name=\"twitter:card\" content=\"summary\" \/>\n<meta name=\"twitter:label1\" content=\"Est. reading time\" \/>\n\t<meta name=\"twitter:data1\" content=\"1 minute\" \/>\n<script type=\"application\/ld+json\" class=\"yoast-schema-graph\">{\"@context\":\"https:\/\/schema.org\",\"@graph\":[{\"@type\":\"WebSite\",\"@id\":\"https:\/\/old.ecoplast.md\/#website\",\"url\":\"https:\/\/old.ecoplast.md\/\",\"name\":\"EcoPlast\",\"description\":\"Ferestre din PVC de calitate inalta si usi la cele mai mici preturi\",\"potentialAction\":[{\"@type\":\"SearchAction\",\"target\":{\"@type\":\"EntryPoint\",\"urlTemplate\":\"https:\/\/old.ecoplast.md\/?s={search_term_string}\"},\"query-input\":\"required name=search_term_string\"}],\"inLanguage\":\"ro-RO\"},{\"@type\":\"WebPage\",\"@id\":\"https:\/\/old.ecoplast.md\/en\/design-ferestrelor\/#webpage\",\"url\":\"https:\/\/old.ecoplast.md\/en\/design-ferestrelor\/\",\"name\":\"Proiectantul ferestrelor | EcoPlast\",\"isPartOf\":{\"@id\":\"https:\/\/old.ecoplast.md\/#website\"},\"datePublished\":\"2016-07-25T20:26:16+00:00\",\"dateModified\":\"2021-01-25T11:43:26+00:00\",\"breadcrumb\":{\"@id\":\"https:\/\/old.ecoplast.md\/en\/design-ferestrelor\/#breadcrumb\"},\"inLanguage\":\"ro-RO\",\"potentialAction\":[{\"@type\":\"ReadAction\",\"target\":[\"https:\/\/old.ecoplast.md\/en\/design-ferestrelor\/\"]}]},{\"@type\":\"BreadcrumbList\",\"@id\":\"https:\/\/old.ecoplast.md\/en\/design-ferestrelor\/#breadcrumb\",\"itemListElement\":[{\"@type\":\"ListItem\",\"position\":1,\"name\":\"THE WINDOW DESIGNER\"}]}]}<\/script>\n<!-- \/ Yoast SEO plugin. -->","yoast_head_json":{"title":"Proiectantul ferestrelor | EcoPlast","robots":{"index":"index","follow":"follow","max-snippet":"max-snippet:-1","max-image-preview":"max-image-preview:large","max-video-preview":"max-video-preview:-1"},"canonical":"https:\/\/old.ecoplast.md\/en\/design-ferestrelor\/","og_locale":"ro_RO","og_type":"article","og_title":"Proiectantul ferestrelor | EcoPlast","og_url":"https:\/\/old.ecoplast.md\/en\/design-ferestrelor\/","og_site_name":"EcoPlast","article_modified_time":"2021-01-25T11:43:26+00:00","twitter_card":"summary","twitter_misc":{"Est. reading time":"1 minute"},"schema":{"@context":"https:\/\/schema.org","@graph":[{"@type":"WebSite","@id":"https:\/\/old.ecoplast.md\/#website","url":"https:\/\/old.ecoplast.md\/","name":"EcoPlast","description":"Ferestre din PVC de calitate inalta si usi la cele mai mici preturi","potentialAction":[{"@type":"SearchAction","target":{"@type":"EntryPoint","urlTemplate":"https:\/\/old.ecoplast.md\/?s={search_term_string}"},"query-input":"required name=search_term_string"}],"inLanguage":"ro-RO"},{"@type":"WebPage","@id":"https:\/\/old.ecoplast.md\/en\/design-ferestrelor\/#webpage","url":"https:\/\/old.ecoplast.md\/en\/design-ferestrelor\/","name":"Proiectantul ferestrelor | EcoPlast","isPartOf":{"@id":"https:\/\/old.ecoplast.md\/#website"},"datePublished":"2016-07-25T20:26:16+00:00","dateModified":"2021-01-25T11:43:26+00:00","breadcrumb":{"@id":"https:\/\/old.ecoplast.md\/en\/design-ferestrelor\/#breadcrumb"},"inLanguage":"ro-RO","potentialAction":[{"@type":"ReadAction","target":["https:\/\/old.ecoplast.md\/en\/design-ferestrelor\/"]}]},{"@type":"BreadcrumbList","@id":"https:\/\/old.ecoplast.md\/en\/design-ferestrelor\/#breadcrumb","itemListElement":[{"@type":"ListItem","position":1,"name":"THE WINDOW DESIGNER"}]}]}},"_links":{"self":[{"href":"https:\/\/old.ecoplast.md\/ro\/wp-json\/wp\/v2\/pages\/93"}],"collection":[{"href":"https:\/\/old.ecoplast.md\/ro\/wp-json\/wp\/v2\/pages"}],"about":[{"href":"https:\/\/old.ecoplast.md\/ro\/wp-json\/wp\/v2\/types\/page"}],"author":[{"embeddable":true,"href":"https:\/\/old.ecoplast.md\/ro\/wp-json\/wp\/v2\/users\/1"}],"replies":[{"embeddable":true,"href":"https:\/\/old.ecoplast.md\/ro\/wp-json\/wp\/v2\/comments?post=93"}],"version-history":[{"count":5,"href":"https:\/\/old.ecoplast.md\/ro\/wp-json\/wp\/v2\/pages\/93\/revisions"}],"predecessor-version":[{"id":515,"href":"https:\/\/old.ecoplast.md\/ro\/wp-json\/wp\/v2\/pages\/93\/revisions\/515"}],"wp:attachment":[{"href":"https:\/\/old.ecoplast.md\/ro\/wp-json\/wp\/v2\/media?parent=93"}],"curies":[{"name":"wp","href":"https:\/\/api.w.org\/{rel}","templated":true}]}}